{"id":771,"date":"2024-03-28T00:32:31","date_gmt":"2024-03-27T23:32:31","guid":{"rendered":"https:\/\/kakimakiti.com\/index.php\/product\/djellaba-marocaine-mlifa-rose-poudre\/"},"modified":"2024-03-28T04:02:21","modified_gmt":"2024-03-28T03:02:21","slug":"djellaba-marocaine-mlifa-rose-poudre","status":"publish","type":"product","link":"https:\/\/kakimakiti.com\/index.php\/product\/djellaba-marocaine-mlifa-rose-poudre\/","title":{"rendered":"Djellaba marocaine mlifa rose poudr\u00e9"},"content":{"rendered":"<p>Djellaba marocaine mlifa rose poudr\u00e9 travail 100 % \u00e0 la main, des bandes velour fushia d\u00e9cal\u00e9 avec une finition de perlage.<\/p>\n","protected":false},"excerpt":{"rendered":"<p>Djellaba marocaine mlifa rose poudr\u00e9 travail 100 % \u00e0 la main, des bandes velour fushia d\u00e9cal\u00e9 avec une finition de perlage.<\/p>\n","protected":false},"featured_media":793,"comment_status":"open","ping_status":"closed","template":"","meta":{"om_disable_all_campaigns":false,"_monsterinsights_skip_tracking":false,"_monsterinsights_sitenote_active":false,"_monsterinsights_sitenote_note":"","_monsterinsights_sitenote_category":0},"product_brand":[],"product_cat":[87,129,88,80],"product_tag":[],"class_list":{"0":"post-771","1":"product","2":"type-product","3":"status-publish","4":"has-post-thumbnail","6":"product_cat-artisanat-traditionnel","7":"product_cat-marfi-creation","8":"product_cat-partenaires","9":"product_cat-vetements","10":"dc_vendor_shop-marficreation","12":"first","13":"instock","14":"taxable","15":"shipping-taxable","16":"purchasable","17":"product-type-simple"},"aioseo_notices":[],"jetpack_sharing_enabled":true,"_links":{"self":[{"href":"https:\/\/kakimakiti.com\/index.php\/wp-json\/wp\/v2\/product\/771","targetHints":{"allow":["GET"]}}],"collection":[{"href":"https:\/\/kakimakiti.com\/index.php\/wp-json\/wp\/v2\/product"}],"about":[{"href":"https:\/\/kakimakiti.com\/index.php\/wp-json\/wp\/v2\/types\/product"}],"replies":[{"embeddable":true,"href":"https:\/\/kakimakiti.com\/index.php\/wp-json\/wp\/v2\/comments?post=771"}],"wp:featuredmedia":[{"embeddable":true,"href":"https:\/\/kakimakiti.com\/index.php\/wp-json\/wp\/v2\/media\/793"}],"wp:attachment":[{"href":"https:\/\/kakimakiti.com\/index.php\/wp-json\/wp\/v2\/media?parent=771"}],"wp:term":[{"taxonomy":"product_brand","embeddable":true,"href":"https:\/\/kakimakiti.com\/index.php\/wp-json\/wp\/v2\/product_brand?post=771"},{"taxonomy":"product_cat","embeddable":true,"href":"https:\/\/kakimakiti.com\/index.php\/wp-json\/wp\/v2\/product_cat?post=771"},{"taxonomy":"product_tag","embeddable":true,"href":"https:\/\/kakimakiti.com\/index.php\/wp-json\/wp\/v2\/product_tag?post=771"}],"curies":[{"name":"wp","href":"https:\/\/api.w.org\/{rel}","templated":true}]}}