{"id":770,"date":"2024-03-28T00:32:30","date_gmt":"2024-03-27T23:32:30","guid":{"rendered":"https:\/\/kakimakiti.com\/index.php\/product\/djellaba-marocaine-en-crepe-colore\/"},"modified":"2024-03-28T04:02:21","modified_gmt":"2024-03-28T03:02:21","slug":"djellaba-marocaine-en-crepe-colore","status":"publish","type":"product","link":"https:\/\/kakimakiti.com\/index.php\/product\/djellaba-marocaine-en-crepe-colore\/","title":{"rendered":"Djellaba marocaine en crepe color\u00e9"},"content":{"rendered":"<p>Djellaba marocaine en crepe color\u00e9 et une d\u00e9coupe en crepe simple travaill\u00e9 avec sfifa et bande velour<\/p>\n","protected":false},"excerpt":{"rendered":"<p>Djellaba marocaine en crepe color\u00e9 et une d\u00e9coupe en crepe simple travaill\u00e9 avec sfifa et bande velour<\/p>\n","protected":false},"featured_media":782,"comment_status":"open","ping_status":"closed","template":"","meta":{"om_disable_all_campaigns":false,"_monsterinsights_skip_tracking":false,"_monsterinsights_sitenote_active":false,"_monsterinsights_sitenote_note":"","_monsterinsights_sitenote_category":0},"product_brand":[],"product_cat":[87,129,88,80],"product_tag":[],"class_list":{"0":"post-770","1":"product","2":"type-product","3":"status-publish","4":"has-post-thumbnail","6":"product_cat-artisanat-traditionnel","7":"product_cat-marfi-creation","8":"product_cat-partenaires","9":"product_cat-vetements","10":"dc_vendor_shop-marficreation","12":"first","13":"instock","14":"taxable","15":"shipping-taxable","16":"purchasable","17":"product-type-simple"},"aioseo_notices":[],"jetpack_sharing_enabled":true,"_links":{"self":[{"href":"https:\/\/kakimakiti.com\/index.php\/wp-json\/wp\/v2\/product\/770","targetHints":{"allow":["GET"]}}],"collection":[{"href":"https:\/\/kakimakiti.com\/index.php\/wp-json\/wp\/v2\/product"}],"about":[{"href":"https:\/\/kakimakiti.com\/index.php\/wp-json\/wp\/v2\/types\/product"}],"replies":[{"embeddable":true,"href":"https:\/\/kakimakiti.com\/index.php\/wp-json\/wp\/v2\/comments?post=770"}],"wp:featuredmedia":[{"embeddable":true,"href":"https:\/\/kakimakiti.com\/index.php\/wp-json\/wp\/v2\/media\/782"}],"wp:attachment":[{"href":"https:\/\/kakimakiti.com\/index.php\/wp-json\/wp\/v2\/media?parent=770"}],"wp:term":[{"taxonomy":"product_brand","embeddable":true,"href":"https:\/\/kakimakiti.com\/index.php\/wp-json\/wp\/v2\/product_brand?post=770"},{"taxonomy":"product_cat","embeddable":true,"href":"https:\/\/kakimakiti.com\/index.php\/wp-json\/wp\/v2\/product_cat?post=770"},{"taxonomy":"product_tag","embeddable":true,"href":"https:\/\/kakimakiti.com\/index.php\/wp-json\/wp\/v2\/product_tag?post=770"}],"curies":[{"name":"wp","href":"https:\/\/api.w.org\/{rel}","templated":true}]}}