{"id":686,"date":"2024-03-20T16:02:03","date_gmt":"2024-03-20T15:02:03","guid":{"rendered":"https:\/\/kakimakiti.com\/?post_type=product&#038;p=686"},"modified":"2024-03-24T00:43:01","modified_gmt":"2024-03-23T23:43:01","slug":"macis","status":"publish","type":"product","link":"https:\/\/kakimakiti.com\/index.php\/product\/macis\/","title":{"rendered":"Macis 1Kg"},"content":{"rendered":"<p>Explorez la saveur unique de notre macis s\u00e9ch\u00e9, id\u00e9al pour les sauces, les p\u00e2tisseries et les m\u00e9langes d&rsquo;\u00e9pices exotiques. (1kg)<\/p>\n","protected":false},"excerpt":{"rendered":"<p>Explorez la saveur unique de notre macis s\u00e9ch\u00e9, id\u00e9al pour les sauces, les p\u00e2tisseries et les m\u00e9langes d&rsquo;\u00e9pices exotiques. (1kg)<\/p>\n","protected":false},"featured_media":687,"comment_status":"open","ping_status":"closed","template":"","meta":{"om_disable_all_campaigns":false,"_monsterinsights_skip_tracking":false,"_monsterinsights_sitenote_active":false,"_monsterinsights_sitenote_note":"","_monsterinsights_sitenote_category":0},"product_brand":[],"product_cat":[83,88],"product_tag":[],"class_list":{"0":"post-686","1":"product","2":"type-product","3":"status-publish","4":"has-post-thumbnail","6":"product_cat-aliments-herbes-et-epices","7":"product_cat-partenaires","8":"product_shipping_class-chezasmae-18","9":"dc_vendor_shop-chezasmae","11":"first","12":"instock","13":"taxable","14":"shipping-taxable","15":"purchasable","16":"product-type-simple"},"aioseo_notices":[],"jetpack_sharing_enabled":true,"_links":{"self":[{"href":"https:\/\/kakimakiti.com\/index.php\/wp-json\/wp\/v2\/product\/686","targetHints":{"allow":["GET"]}}],"collection":[{"href":"https:\/\/kakimakiti.com\/index.php\/wp-json\/wp\/v2\/product"}],"about":[{"href":"https:\/\/kakimakiti.com\/index.php\/wp-json\/wp\/v2\/types\/product"}],"replies":[{"embeddable":true,"href":"https:\/\/kakimakiti.com\/index.php\/wp-json\/wp\/v2\/comments?post=686"}],"wp:featuredmedia":[{"embeddable":true,"href":"https:\/\/kakimakiti.com\/index.php\/wp-json\/wp\/v2\/media\/687"}],"wp:attachment":[{"href":"https:\/\/kakimakiti.com\/index.php\/wp-json\/wp\/v2\/media?parent=686"}],"wp:term":[{"taxonomy":"product_brand","embeddable":true,"href":"https:\/\/kakimakiti.com\/index.php\/wp-json\/wp\/v2\/product_brand?post=686"},{"taxonomy":"product_cat","embeddable":true,"href":"https:\/\/kakimakiti.com\/index.php\/wp-json\/wp\/v2\/product_cat?post=686"},{"taxonomy":"product_tag","embeddable":true,"href":"https:\/\/kakimakiti.com\/index.php\/wp-json\/wp\/v2\/product_tag?post=686"}],"curies":[{"name":"wp","href":"https:\/\/api.w.org\/{rel}","templated":true}]}}