{"id":683,"date":"2024-03-20T16:04:30","date_gmt":"2024-03-20T15:04:30","guid":{"rendered":"https:\/\/kakimakiti.com\/?post_type=product&#038;p=683"},"modified":"2024-04-27T16:19:00","modified_gmt":"2024-04-27T14:19:00","slug":"calendula-1kg","status":"publish","type":"product","link":"https:\/\/kakimakiti.com\/index.php\/product\/calendula-1kg\/","title":{"rendered":"Calendula 3Kg"},"content":{"rendered":"<p>D\u00e9couvrez les bienfaits apaisants de notre calendula s\u00e9ch\u00e9, id\u00e9al pour les infusions et les produits de soins naturels. (3kg)<\/p>\n","protected":false},"excerpt":{"rendered":"<p>D\u00e9couvrez les bienfaits apaisants de notre calendula s\u00e9ch\u00e9, id\u00e9al pour les infusions et les produits de soins naturels. (3kg)<\/p>\n","protected":false},"featured_media":605,"comment_status":"open","ping_status":"closed","template":"","meta":{"om_disable_all_campaigns":false,"_monsterinsights_skip_tracking":false,"_monsterinsights_sitenote_active":false,"_monsterinsights_sitenote_note":"","_monsterinsights_sitenote_category":0},"product_brand":[],"product_cat":[83,88],"product_tag":[],"class_list":{"0":"post-683","1":"product","2":"type-product","3":"status-publish","4":"has-post-thumbnail","6":"product_cat-aliments-herbes-et-epices","7":"product_cat-partenaires","8":"product_shipping_class-chezasmae-18","9":"dc_vendor_shop-chezasmae","11":"first","12":"instock","13":"taxable","14":"shipping-taxable","15":"purchasable","16":"product-type-simple"},"aioseo_notices":[],"jetpack_sharing_enabled":true,"_links":{"self":[{"href":"https:\/\/kakimakiti.com\/index.php\/wp-json\/wp\/v2\/product\/683","targetHints":{"allow":["GET"]}}],"collection":[{"href":"https:\/\/kakimakiti.com\/index.php\/wp-json\/wp\/v2\/product"}],"about":[{"href":"https:\/\/kakimakiti.com\/index.php\/wp-json\/wp\/v2\/types\/product"}],"replies":[{"embeddable":true,"href":"https:\/\/kakimakiti.com\/index.php\/wp-json\/wp\/v2\/comments?post=683"}],"wp:featuredmedia":[{"embeddable":true,"href":"https:\/\/kakimakiti.com\/index.php\/wp-json\/wp\/v2\/media\/605"}],"wp:attachment":[{"href":"https:\/\/kakimakiti.com\/index.php\/wp-json\/wp\/v2\/media?parent=683"}],"wp:term":[{"taxonomy":"product_brand","embeddable":true,"href":"https:\/\/kakimakiti.com\/index.php\/wp-json\/wp\/v2\/product_brand?post=683"},{"taxonomy":"product_cat","embeddable":true,"href":"https:\/\/kakimakiti.com\/index.php\/wp-json\/wp\/v2\/product_cat?post=683"},{"taxonomy":"product_tag","embeddable":true,"href":"https:\/\/kakimakiti.com\/index.php\/wp-json\/wp\/v2\/product_tag?post=683"}],"curies":[{"name":"wp","href":"https:\/\/api.w.org\/{rel}","templated":true}]}}