{"id":672,"date":"2024-03-20T16:10:43","date_gmt":"2024-03-20T15:10:43","guid":{"rendered":"https:\/\/kakimakiti.com\/?post_type=product&#038;p=672"},"modified":"2024-04-27T16:12:50","modified_gmt":"2024-04-27T14:12:50","slug":"figue-sechee-1kg","status":"publish","type":"product","link":"https:\/\/kakimakiti.com\/index.php\/product\/figue-sechee-1kg\/","title":{"rendered":"Figue s\u00e9ch\u00e9e 3Kg"},"content":{"rendered":"<p>Savourez la douceur naturelle de nos figues s\u00e9ch\u00e9es, parfaites pour les collations saines et les desserts gourmands. (3kg)<\/p>\n","protected":false},"excerpt":{"rendered":"<p>Savourez la douceur naturelle de nos figues s\u00e9ch\u00e9es, parfaites pour les collations saines et les desserts gourmands. (3kg)<\/p>\n","protected":false},"featured_media":621,"comment_status":"open","ping_status":"closed","template":"","meta":{"om_disable_all_campaigns":false,"_monsterinsights_skip_tracking":false,"_monsterinsights_sitenote_active":false,"_monsterinsights_sitenote_note":"","_monsterinsights_sitenote_category":0},"product_brand":[],"product_cat":[83,88],"product_tag":[],"class_list":{"0":"post-672","1":"product","2":"type-product","3":"status-publish","4":"has-post-thumbnail","6":"product_cat-aliments-herbes-et-epices","7":"product_cat-partenaires","8":"product_shipping_class-chezasmae-18","9":"dc_vendor_shop-chezasmae","11":"first","12":"instock","13":"taxable","14":"shipping-taxable","15":"purchasable","16":"product-type-simple"},"aioseo_notices":[],"jetpack_sharing_enabled":true,"_links":{"self":[{"href":"https:\/\/kakimakiti.com\/index.php\/wp-json\/wp\/v2\/product\/672","targetHints":{"allow":["GET"]}}],"collection":[{"href":"https:\/\/kakimakiti.com\/index.php\/wp-json\/wp\/v2\/product"}],"about":[{"href":"https:\/\/kakimakiti.com\/index.php\/wp-json\/wp\/v2\/types\/product"}],"replies":[{"embeddable":true,"href":"https:\/\/kakimakiti.com\/index.php\/wp-json\/wp\/v2\/comments?post=672"}],"wp:featuredmedia":[{"embeddable":true,"href":"https:\/\/kakimakiti.com\/index.php\/wp-json\/wp\/v2\/media\/621"}],"wp:attachment":[{"href":"https:\/\/kakimakiti.com\/index.php\/wp-json\/wp\/v2\/media?parent=672"}],"wp:term":[{"taxonomy":"product_brand","embeddable":true,"href":"https:\/\/kakimakiti.com\/index.php\/wp-json\/wp\/v2\/product_brand?post=672"},{"taxonomy":"product_cat","embeddable":true,"href":"https:\/\/kakimakiti.com\/index.php\/wp-json\/wp\/v2\/product_cat?post=672"},{"taxonomy":"product_tag","embeddable":true,"href":"https:\/\/kakimakiti.com\/index.php\/wp-json\/wp\/v2\/product_tag?post=672"}],"curies":[{"name":"wp","href":"https:\/\/api.w.org\/{rel}","templated":true}]}}