{"id":667,"date":"2024-03-20T16:12:12","date_gmt":"2024-03-20T15:12:12","guid":{"rendered":"https:\/\/kakimakiti.com\/?post_type=product&#038;p=667"},"modified":"2025-10-28T21:42:23","modified_gmt":"2025-10-28T20:42:23","slug":"romarain-1kg","status":"publish","type":"product","link":"https:\/\/kakimakiti.com\/index.php\/product\/romarain-1kg\/","title":{"rendered":"Romarain 3Kg"},"content":{"rendered":"<p>Parfumez vos plats avec notre romarin s\u00e9ch\u00e9, ajoutant une saveur robuste et aromatique \u00e0 vos viandes, l\u00e9gumes et sauces. (3kg)<\/p>\n","protected":false},"excerpt":{"rendered":"<p>Parfumez vos plats avec notre romarin s\u00e9ch\u00e9, ajoutant une saveur robuste et aromatique \u00e0 vos viandes, l\u00e9gumes et sauces. (3kg)<\/p>\n","protected":false},"featured_media":638,"comment_status":"open","ping_status":"closed","template":"","meta":{"om_disable_all_campaigns":false,"_monsterinsights_skip_tracking":false,"_monsterinsights_sitenote_active":false,"_monsterinsights_sitenote_note":"","_monsterinsights_sitenote_category":0},"product_brand":[],"product_cat":[83,88],"product_tag":[],"class_list":{"0":"post-667","1":"product","2":"type-product","3":"status-publish","4":"has-post-thumbnail","6":"product_cat-aliments-herbes-et-epices","7":"product_cat-partenaires","8":"product_shipping_class-chezasmae-18","9":"dc_vendor_shop-chezasmae","11":"first","12":"instock","13":"taxable","14":"shipping-taxable","15":"purchasable","16":"product-type-simple"},"aioseo_notices":[],"jetpack_sharing_enabled":true,"_links":{"self":[{"href":"https:\/\/kakimakiti.com\/index.php\/wp-json\/wp\/v2\/product\/667","targetHints":{"allow":["GET"]}}],"collection":[{"href":"https:\/\/kakimakiti.com\/index.php\/wp-json\/wp\/v2\/product"}],"about":[{"href":"https:\/\/kakimakiti.com\/index.php\/wp-json\/wp\/v2\/types\/product"}],"replies":[{"embeddable":true,"href":"https:\/\/kakimakiti.com\/index.php\/wp-json\/wp\/v2\/comments?post=667"}],"wp:featuredmedia":[{"embeddable":true,"href":"https:\/\/kakimakiti.com\/index.php\/wp-json\/wp\/v2\/media\/638"}],"wp:attachment":[{"href":"https:\/\/kakimakiti.com\/index.php\/wp-json\/wp\/v2\/media?parent=667"}],"wp:term":[{"taxonomy":"product_brand","embeddable":true,"href":"https:\/\/kakimakiti.com\/index.php\/wp-json\/wp\/v2\/product_brand?post=667"},{"taxonomy":"product_cat","embeddable":true,"href":"https:\/\/kakimakiti.com\/index.php\/wp-json\/wp\/v2\/product_cat?post=667"},{"taxonomy":"product_tag","embeddable":true,"href":"https:\/\/kakimakiti.com\/index.php\/wp-json\/wp\/v2\/product_tag?post=667"}],"curies":[{"name":"wp","href":"https:\/\/api.w.org\/{rel}","templated":true}]}}