{"id":664,"date":"2024-03-20T16:19:27","date_gmt":"2024-03-20T15:19:27","guid":{"rendered":"https:\/\/kakimakiti.com\/?post_type=product&#038;p=664"},"modified":"2024-04-27T16:05:58","modified_gmt":"2024-04-27T14:05:58","slug":"graines-de-fenouil-1kg","status":"publish","type":"product","link":"https:\/\/kakimakiti.com\/index.php\/product\/graines-de-fenouil-1kg\/","title":{"rendered":"Graines de Fenouil 2Kg"},"content":{"rendered":"<p>Ajoutez une touche de fra\u00eecheur et de saveur anis\u00e9e \u00e0 vos plats avec nos graines de fenouil enti\u00e8res, parfaites pour la digestion. (2kg)<\/p>\n","protected":false},"excerpt":{"rendered":"<p>Ajoutez une touche de fra\u00eecheur et de saveur anis\u00e9e \u00e0 vos plats avec nos graines de fenouil enti\u00e8res, parfaites pour la digestion. (2kg)<\/p>\n","protected":false},"featured_media":625,"comment_status":"open","ping_status":"closed","template":"","meta":{"om_disable_all_campaigns":false,"_monsterinsights_skip_tracking":false,"_monsterinsights_sitenote_active":false,"_monsterinsights_sitenote_note":"","_monsterinsights_sitenote_category":0},"product_brand":[],"product_cat":[83,88],"product_tag":[],"class_list":{"0":"post-664","1":"product","2":"type-product","3":"status-publish","4":"has-post-thumbnail","6":"product_cat-aliments-herbes-et-epices","7":"product_cat-partenaires","8":"product_shipping_class-chezasmae-18","9":"dc_vendor_shop-chezasmae","11":"first","12":"instock","13":"taxable","14":"shipping-taxable","15":"purchasable","16":"product-type-simple"},"aioseo_notices":[],"jetpack_sharing_enabled":true,"_links":{"self":[{"href":"https:\/\/kakimakiti.com\/index.php\/wp-json\/wp\/v2\/product\/664","targetHints":{"allow":["GET"]}}],"collection":[{"href":"https:\/\/kakimakiti.com\/index.php\/wp-json\/wp\/v2\/product"}],"about":[{"href":"https:\/\/kakimakiti.com\/index.php\/wp-json\/wp\/v2\/types\/product"}],"replies":[{"embeddable":true,"href":"https:\/\/kakimakiti.com\/index.php\/wp-json\/wp\/v2\/comments?post=664"}],"wp:featuredmedia":[{"embeddable":true,"href":"https:\/\/kakimakiti.com\/index.php\/wp-json\/wp\/v2\/media\/625"}],"wp:attachment":[{"href":"https:\/\/kakimakiti.com\/index.php\/wp-json\/wp\/v2\/media?parent=664"}],"wp:term":[{"taxonomy":"product_brand","embeddable":true,"href":"https:\/\/kakimakiti.com\/index.php\/wp-json\/wp\/v2\/product_brand?post=664"},{"taxonomy":"product_cat","embeddable":true,"href":"https:\/\/kakimakiti.com\/index.php\/wp-json\/wp\/v2\/product_cat?post=664"},{"taxonomy":"product_tag","embeddable":true,"href":"https:\/\/kakimakiti.com\/index.php\/wp-json\/wp\/v2\/product_tag?post=664"}],"curies":[{"name":"wp","href":"https:\/\/api.w.org\/{rel}","templated":true}]}}