{"id":661,"date":"2024-03-20T16:20:08","date_gmt":"2024-03-20T15:20:08","guid":{"rendered":"https:\/\/kakimakiti.com\/?post_type=product&#038;p=661"},"modified":"2024-04-27T15:52:13","modified_gmt":"2024-04-27T13:52:13","slug":"origan-1kg","status":"publish","type":"product","link":"https:\/\/kakimakiti.com\/index.php\/product\/origan-1kg\/","title":{"rendered":"Origan 3Kg"},"content":{"rendered":"<p>Donnez une saveur m\u00e9diterran\u00e9enne \u00e0 vos plats avec notre origan s\u00e9ch\u00e9, id\u00e9al pour les pizzas, les p\u00e2tes et les plats \u00e0 base de tomates. (3kg)<\/p>\n","protected":false},"excerpt":{"rendered":"<p>Donnez une saveur m\u00e9diterran\u00e9enne \u00e0 vos plats avec notre origan s\u00e9ch\u00e9, id\u00e9al pour les pizzas, les p\u00e2tes et les plats \u00e0 base de tomates. (3kg)<\/p>\n","protected":false},"featured_media":632,"comment_status":"open","ping_status":"closed","template":"","meta":{"om_disable_all_campaigns":false,"_monsterinsights_skip_tracking":false,"_monsterinsights_sitenote_active":false,"_monsterinsights_sitenote_note":"","_monsterinsights_sitenote_category":0},"product_brand":[],"product_cat":[83,88],"product_tag":[],"class_list":{"0":"post-661","1":"product","2":"type-product","3":"status-publish","4":"has-post-thumbnail","6":"product_cat-aliments-herbes-et-epices","7":"product_cat-partenaires","8":"product_shipping_class-chezasmae-18","9":"dc_vendor_shop-chezasmae","11":"first","12":"instock","13":"taxable","14":"shipping-taxable","15":"purchasable","16":"product-type-simple"},"aioseo_notices":[],"jetpack_sharing_enabled":true,"_links":{"self":[{"href":"https:\/\/kakimakiti.com\/index.php\/wp-json\/wp\/v2\/product\/661","targetHints":{"allow":["GET"]}}],"collection":[{"href":"https:\/\/kakimakiti.com\/index.php\/wp-json\/wp\/v2\/product"}],"about":[{"href":"https:\/\/kakimakiti.com\/index.php\/wp-json\/wp\/v2\/types\/product"}],"replies":[{"embeddable":true,"href":"https:\/\/kakimakiti.com\/index.php\/wp-json\/wp\/v2\/comments?post=661"}],"wp:featuredmedia":[{"embeddable":true,"href":"https:\/\/kakimakiti.com\/index.php\/wp-json\/wp\/v2\/media\/632"}],"wp:attachment":[{"href":"https:\/\/kakimakiti.com\/index.php\/wp-json\/wp\/v2\/media?parent=661"}],"wp:term":[{"taxonomy":"product_brand","embeddable":true,"href":"https:\/\/kakimakiti.com\/index.php\/wp-json\/wp\/v2\/product_brand?post=661"},{"taxonomy":"product_cat","embeddable":true,"href":"https:\/\/kakimakiti.com\/index.php\/wp-json\/wp\/v2\/product_cat?post=661"},{"taxonomy":"product_tag","embeddable":true,"href":"https:\/\/kakimakiti.com\/index.php\/wp-json\/wp\/v2\/product_tag?post=661"}],"curies":[{"name":"wp","href":"https:\/\/api.w.org\/{rel}","templated":true}]}}