{"id":660,"date":"2024-03-20T16:20:48","date_gmt":"2024-03-20T15:20:48","guid":{"rendered":"https:\/\/kakimakiti.com\/?post_type=product&#038;p=660"},"modified":"2024-04-27T15:40:15","modified_gmt":"2024-04-27T13:40:15","slug":"rose-sechee-1kg","status":"publish","type":"product","link":"https:\/\/kakimakiti.com\/index.php\/product\/rose-sechee-1kg\/","title":{"rendered":"Rose s\u00e9ch\u00e9e 2Kg"},"content":{"rendered":"<p>Ajoutez une touche romantique \u00e0 vos plats et \u00e0 votre d\u00e9coration avec nos p\u00e9tales de rose s\u00e9ch\u00e9es, parfaits pour l&rsquo;infusion et la d\u00e9coration. (2kg)<\/p>\n","protected":false},"excerpt":{"rendered":"<p>Ajoutez une touche romantique \u00e0 vos plats et \u00e0 votre d\u00e9coration avec nos p\u00e9tales de rose s\u00e9ch\u00e9es, parfaits pour l&rsquo;infusion et la d\u00e9coration. (2kg)<\/p>\n","protected":false},"featured_media":640,"comment_status":"open","ping_status":"closed","template":"","meta":{"om_disable_all_campaigns":false,"_monsterinsights_skip_tracking":false,"_monsterinsights_sitenote_active":false,"_monsterinsights_sitenote_note":"","_monsterinsights_sitenote_category":0},"product_brand":[],"product_cat":[83,88],"product_tag":[],"class_list":{"0":"post-660","1":"product","2":"type-product","3":"status-publish","4":"has-post-thumbnail","6":"product_cat-aliments-herbes-et-epices","7":"product_cat-partenaires","8":"product_shipping_class-chezasmae-18","9":"dc_vendor_shop-chezasmae","11":"first","12":"instock","13":"taxable","14":"shipping-taxable","15":"purchasable","16":"product-type-simple"},"aioseo_notices":[],"jetpack_sharing_enabled":true,"_links":{"self":[{"href":"https:\/\/kakimakiti.com\/index.php\/wp-json\/wp\/v2\/product\/660","targetHints":{"allow":["GET"]}}],"collection":[{"href":"https:\/\/kakimakiti.com\/index.php\/wp-json\/wp\/v2\/product"}],"about":[{"href":"https:\/\/kakimakiti.com\/index.php\/wp-json\/wp\/v2\/types\/product"}],"replies":[{"embeddable":true,"href":"https:\/\/kakimakiti.com\/index.php\/wp-json\/wp\/v2\/comments?post=660"}],"wp:featuredmedia":[{"embeddable":true,"href":"https:\/\/kakimakiti.com\/index.php\/wp-json\/wp\/v2\/media\/640"}],"wp:attachment":[{"href":"https:\/\/kakimakiti.com\/index.php\/wp-json\/wp\/v2\/media?parent=660"}],"wp:term":[{"taxonomy":"product_brand","embeddable":true,"href":"https:\/\/kakimakiti.com\/index.php\/wp-json\/wp\/v2\/product_brand?post=660"},{"taxonomy":"product_cat","embeddable":true,"href":"https:\/\/kakimakiti.com\/index.php\/wp-json\/wp\/v2\/product_cat?post=660"},{"taxonomy":"product_tag","embeddable":true,"href":"https:\/\/kakimakiti.com\/index.php\/wp-json\/wp\/v2\/product_tag?post=660"}],"curies":[{"name":"wp","href":"https:\/\/api.w.org\/{rel}","templated":true}]}}