{"id":543,"date":"2024-03-02T07:57:43","date_gmt":"2024-03-02T06:57:43","guid":{"rendered":"https:\/\/kakimakiti.com\/index.php\/product\/sac-a-dos-kamademia\/"},"modified":"2024-03-04T14:17:14","modified_gmt":"2024-03-04T13:17:14","slug":"sac-a-dos-kamademia","status":"publish","type":"product","link":"https:\/\/kakimakiti.com\/index.php\/product\/sac-a-dos-kamademia\/","title":{"rendered":"Sac \u00e0 dos Kamademia"},"content":{"rendered":"<p>Ce sac \u00e0 dos de taille moyenne est exactement ce dont vous avez besoin pour un usage quotidien ou pour les activit\u00e9s sportives ! Les poches offrent un vaste espace pour tous vos besoins, tandis que le mat\u00e9riau r\u00e9sistant \u00e0 l&rsquo;eau les prot\u00e9gera des intemp\u00e9ries.<\/p>\n<p>\u2022 Fabrication 100 % polyester<br \/>\n\u2022 Dimensions: H : 42 cm (16\u215e \u00ab\u00a0), L : 31 cm (12\u00bc \u00ab\u00a0), D : 10 cm (3\u215e \u00ab\u00a0)<br \/>\n\u2022 325 g\/m\u00b2 (9.56 oz\/yd\u00b2), le poids peut varier de 5 %<br \/>\n\u2022 Limite de poids maximum 20 kg (44 lb)<br \/>\n\u2022 Mat\u00e9riau r\u00e9sistant \u00e0 l&rsquo;eau<br \/>\n\u2022 Grande poche int\u00e9rieure avec une poche s\u00e9par\u00e9e pour un ordinateur portable de 15 pouces, une poche avant avec fermeture \u00e0 glissi\u00e8re et une poche cach\u00e9e avec fermeture \u00e0 glissi\u00e8re \u00e0 l&rsquo;arri\u00e8re du sac<br \/>\n\u2022 La fermeture \u00e9clair sup\u00e9rieure a 2 curseurs et des tirettes <br \/>\n\u2022 Doublure soyeuse, passepoil \u00e0 l&rsquo;int\u00e9rieur des ourlets et dos en filet doux<br \/>\n\u2022 Bretelles de sac ergonomiques rembourr\u00e9es en polyester avec d\u00e9tendeurs en plastique<\/p>\n","protected":false},"excerpt":{"rendered":"<p>Ce sac \u00e0 dos de taille moyenne est exactement ce dont vous avez besoin pour un usage quotidien ou pour les activit\u00e9s sportives ! Les poches offrent un vaste espace pour tous vos besoins, tandis que le mat\u00e9riau r\u00e9sistant \u00e0 l&rsquo;eau les prot\u00e9gera des intemp\u00e9ries. \u2022 Fabrication 100 % polyester \u2022 Dimensions: H : 42 [&hellip;]<\/p>\n","protected":false},"featured_media":544,"comment_status":"open","ping_status":"closed","template":"","meta":{"om_disable_all_campaigns":false,"_monsterinsights_skip_tracking":false,"_monsterinsights_sitenote_active":false,"_monsterinsights_sitenote_note":"","_monsterinsights_sitenote_category":0},"product_brand":[],"product_cat":[84,88,82],"product_tag":[],"class_list":{"0":"post-543","1":"product","2":"type-product","3":"status-publish","4":"has-post-thumbnail","6":"product_cat-accessoires","7":"product_cat-partenaires","8":"product_cat-sacs","9":"dc_vendor_shop-kakikamademia","11":"first","12":"instock","13":"taxable","14":"shipping-taxable","15":"purchasable","16":"product-type-simple"},"aioseo_notices":[],"jetpack_sharing_enabled":true,"_links":{"self":[{"href":"https:\/\/kakimakiti.com\/index.php\/wp-json\/wp\/v2\/product\/543","targetHints":{"allow":["GET"]}}],"collection":[{"href":"https:\/\/kakimakiti.com\/index.php\/wp-json\/wp\/v2\/product"}],"about":[{"href":"https:\/\/kakimakiti.com\/index.php\/wp-json\/wp\/v2\/types\/product"}],"replies":[{"embeddable":true,"href":"https:\/\/kakimakiti.com\/index.php\/wp-json\/wp\/v2\/comments?post=543"}],"wp:featuredmedia":[{"embeddable":true,"href":"https:\/\/kakimakiti.com\/index.php\/wp-json\/wp\/v2\/media\/544"}],"wp:attachment":[{"href":"https:\/\/kakimakiti.com\/index.php\/wp-json\/wp\/v2\/media?parent=543"}],"wp:term":[{"taxonomy":"product_brand","embeddable":true,"href":"https:\/\/kakimakiti.com\/index.php\/wp-json\/wp\/v2\/product_brand?post=543"},{"taxonomy":"product_cat","embeddable":true,"href":"https:\/\/kakimakiti.com\/index.php\/wp-json\/wp\/v2\/product_cat?post=543"},{"taxonomy":"product_tag","embeddable":true,"href":"https:\/\/kakimakiti.com\/index.php\/wp-json\/wp\/v2\/product_tag?post=543"}],"curies":[{"name":"wp","href":"https:\/\/api.w.org\/{rel}","templated":true}]}}