{"id":537,"date":"2024-03-02T07:52:02","date_gmt":"2024-03-02T06:52:02","guid":{"rendered":"https:\/\/kakimakiti.com\/index.php\/product\/carnet-a-spirale-kamademia\/"},"modified":"2024-03-04T14:17:14","modified_gmt":"2024-03-04T13:17:14","slug":"carnet-a-spirale-kamademia","status":"publish","type":"product","link":"https:\/\/kakimakiti.com\/index.php\/product\/carnet-a-spirale-kamademia\/","title":{"rendered":"Carnet \u00e0 spirale Kamademia"},"content":{"rendered":"<p>Un bon carnet peut vous aider \u00e0 \u00eatre motiv\u00e9 \u00e0 prendre plus de notes, \u00e0 \u00e9crire des id\u00e9es ou \u00e0 dresser la liste de vos r\u00eaves futurs. Ce carnet \u00e0 reliure m\u00e9tallique personnalis\u00e9 sera un excellent compagnon du quotidien lorsque vous aurez besoin de mettre vos pens\u00e9es sur papier\u00a0!<\/p>\n<p>\u2022 Couvertures avec un rev\u00eatement doux au toucher<br \/>\n\u2022 Poids de la couverture\u00a0: 352 g\/m\u00b2 (10,38 oz\/yd\u00b2)<br \/>\n\u2022 Poids de la page : 89 g\/m\u00b2 (2,62 oz\/yd\u00b2)<br \/>\n\u2022 Reliure m\u00e9tallique<br \/>\n\u2022 140 pages pointill\u00e9es<br \/>\n\u2022 Les carnets remplis aux \u00c9tats-Unis mesurent 13 \u00d7 21 cm (5,5\u2033 \u00d7 8,5\u2033)<br \/>\n\u2022 Les carnets remplis en Europe mesurent 14,5 \u00d7 21 cm (5,7\u2033 \u00d7 8,5\u2033)<br \/>\n\u2022 Produit vierge provenant des \u00c9tats-Unis et de la Su\u00e8de<\/p>\n","protected":false},"excerpt":{"rendered":"<p>Un bon carnet peut vous aider \u00e0 \u00eatre motiv\u00e9 \u00e0 prendre plus de notes, \u00e0 \u00e9crire des id\u00e9es ou \u00e0 dresser la liste de vos r\u00eaves futurs. Ce carnet \u00e0 reliure m\u00e9tallique personnalis\u00e9 sera un excellent compagnon du quotidien lorsque vous aurez besoin de mettre vos pens\u00e9es sur papier\u00a0! \u2022 Couvertures avec un rev\u00eatement doux [&hellip;]<\/p>\n","protected":false},"featured_media":538,"comment_status":"open","ping_status":"closed","template":"","meta":{"om_disable_all_campaigns":false,"_monsterinsights_skip_tracking":false,"_monsterinsights_sitenote_active":false,"_monsterinsights_sitenote_note":"","_monsterinsights_sitenote_category":0},"product_brand":[],"product_cat":[84,88],"product_tag":[],"class_list":{"0":"post-537","1":"product","2":"type-product","3":"status-publish","4":"has-post-thumbnail","6":"product_cat-accessoires","7":"product_cat-partenaires","8":"dc_vendor_shop-kakikamademia","10":"first","11":"instock","12":"taxable","13":"shipping-taxable","14":"purchasable","15":"product-type-simple"},"aioseo_notices":[],"jetpack_sharing_enabled":true,"_links":{"self":[{"href":"https:\/\/kakimakiti.com\/index.php\/wp-json\/wp\/v2\/product\/537","targetHints":{"allow":["GET"]}}],"collection":[{"href":"https:\/\/kakimakiti.com\/index.php\/wp-json\/wp\/v2\/product"}],"about":[{"href":"https:\/\/kakimakiti.com\/index.php\/wp-json\/wp\/v2\/types\/product"}],"replies":[{"embeddable":true,"href":"https:\/\/kakimakiti.com\/index.php\/wp-json\/wp\/v2\/comments?post=537"}],"wp:featuredmedia":[{"embeddable":true,"href":"https:\/\/kakimakiti.com\/index.php\/wp-json\/wp\/v2\/media\/538"}],"wp:attachment":[{"href":"https:\/\/kakimakiti.com\/index.php\/wp-json\/wp\/v2\/media?parent=537"}],"wp:term":[{"taxonomy":"product_brand","embeddable":true,"href":"https:\/\/kakimakiti.com\/index.php\/wp-json\/wp\/v2\/product_brand?post=537"},{"taxonomy":"product_cat","embeddable":true,"href":"https:\/\/kakimakiti.com\/index.php\/wp-json\/wp\/v2\/product_cat?post=537"},{"taxonomy":"product_tag","embeddable":true,"href":"https:\/\/kakimakiti.com\/index.php\/wp-json\/wp\/v2\/product_tag?post=537"}],"curies":[{"name":"wp","href":"https:\/\/api.w.org\/{rel}","templated":true}]}}