{"id":500,"date":"2024-03-02T07:29:30","date_gmt":"2024-03-02T06:29:30","guid":{"rendered":"https:\/\/kakimakiti.com\/index.php\/product\/casquette-snapback-kamademia\/"},"modified":"2025-10-28T21:42:23","modified_gmt":"2025-10-28T20:42:23","slug":"casquette-snapback-kamademia","status":"publish","type":"product","link":"https:\/\/kakimakiti.com\/index.php\/product\/casquette-snapback-kamademia\/","title":{"rendered":"Casquette Snapback Kamademia"},"content":{"rendered":"<p>C\u2019est la casquette de vos r\u00eaves ! Elle est structur\u00e9e, avec une visi\u00e8re haute et plate gris subtil en-dessous. <\/p>\n<p>\u2022 85 % acrylique, 15 % laine<br \/>\n\u2022 Structur\u00e9e, 6 panneaux, visi\u00e8re haute<br \/>\n\u2022 Fermeture \u00e0 bouton pression en plastique<br \/>\n\u2022 Gris sous la visi\u00e8re<br \/>\n\u2022 Tour de t\u00eate: 56 cm &#8211; 61 cm (22 \u201d &#8211; 24 \u201d)<br \/>\n\u2022 Produit vierge en provenance de Chine<\/p>\n","protected":false},"excerpt":{"rendered":"<p>C\u2019est la casquette de vos r\u00eaves ! Elle est structur\u00e9e, avec une visi\u00e8re haute et plate gris subtil en-dessous. \u2022 85 % acrylique, 15 % laine \u2022 Structur\u00e9e, 6 panneaux, visi\u00e8re haute \u2022 Fermeture \u00e0 bouton pression en plastique \u2022 Gris sous la visi\u00e8re \u2022 Tour de t\u00eate: 56 cm &#8211; 61 cm (22 \u201d [&hellip;]<\/p>\n","protected":false},"featured_media":508,"comment_status":"open","ping_status":"closed","template":"","meta":{"om_disable_all_campaigns":false,"_monsterinsights_skip_tracking":false,"_monsterinsights_sitenote_active":false,"_monsterinsights_sitenote_note":"","_monsterinsights_sitenote_category":0},"product_brand":[],"product_cat":[84,88],"product_tag":[],"class_list":{"0":"post-500","1":"product","2":"type-product","3":"status-publish","4":"has-post-thumbnail","6":"product_cat-accessoires","7":"product_cat-partenaires","8":"dc_vendor_shop-kakikamademia","10":"first","11":"instock","12":"taxable","13":"shipping-taxable","14":"purchasable","15":"product-type-variable"},"aioseo_notices":[],"jetpack_sharing_enabled":true,"_links":{"self":[{"href":"https:\/\/kakimakiti.com\/index.php\/wp-json\/wp\/v2\/product\/500","targetHints":{"allow":["GET"]}}],"collection":[{"href":"https:\/\/kakimakiti.com\/index.php\/wp-json\/wp\/v2\/product"}],"about":[{"href":"https:\/\/kakimakiti.com\/index.php\/wp-json\/wp\/v2\/types\/product"}],"replies":[{"embeddable":true,"href":"https:\/\/kakimakiti.com\/index.php\/wp-json\/wp\/v2\/comments?post=500"}],"wp:featuredmedia":[{"embeddable":true,"href":"https:\/\/kakimakiti.com\/index.php\/wp-json\/wp\/v2\/media\/508"}],"wp:attachment":[{"href":"https:\/\/kakimakiti.com\/index.php\/wp-json\/wp\/v2\/media?parent=500"}],"wp:term":[{"taxonomy":"product_brand","embeddable":true,"href":"https:\/\/kakimakiti.com\/index.php\/wp-json\/wp\/v2\/product_brand?post=500"},{"taxonomy":"product_cat","embeddable":true,"href":"https:\/\/kakimakiti.com\/index.php\/wp-json\/wp\/v2\/product_cat?post=500"},{"taxonomy":"product_tag","embeddable":true,"href":"https:\/\/kakimakiti.com\/index.php\/wp-json\/wp\/v2\/product_tag?post=500"}],"curies":[{"name":"wp","href":"https:\/\/api.w.org\/{rel}","templated":true}]}}