{"id":481,"date":"2024-03-01T20:08:24","date_gmt":"2024-03-01T19:08:24","guid":{"rendered":"https:\/\/kakimakiti.com\/index.php\/product\/coupe-vent-court-lalas-dream-femme\/"},"modified":"2024-04-10T04:17:40","modified_gmt":"2024-04-10T02:17:40","slug":"coupe-vent-court-lalas-dream-femme","status":"publish","type":"product","link":"https:\/\/kakimakiti.com\/index.php\/product\/coupe-vent-court-lalas-dream-femme\/","title":{"rendered":"Coupe-vent court Lala&rsquo;s Dream femme"},"content":{"rendered":"<p>Faites des randonn\u00e9es avec style sans que la pluie ne vous g\u00eane\u00a0: ce coupe-vent est l\u00e9ger, imperm\u00e9able \u00e0 l&rsquo;eau et adapt\u00e9 \u00e0 tous les types d&rsquo;aventure. Les fonctionnalit\u00e9s incluent des poches \u00e0 fente lat\u00e9rale, une doublure en maille respirante et des cordons de serrage r\u00e9glables sur la capuche et la taille pour soutenir tous vos looks ext\u00e9rieurs \u00e9l\u00e9gants.<\/p>\n<p>\u2022 100\u00a0% polyester<br \/>\n\u2022 Doublure en maille respirante, r\u00e9duit l&rsquo;\u00e9lectricit\u00e9 statique<br \/>\n\u2022 R\u00e9sistant \u00e0 l&rsquo;eau<br \/>\n\u2022 Ceinture \u00e9lastique<br \/>\n\u2022 Cordons de serrage r\u00e9glables sur la capuche et la taille<br \/>\n\u2022 Avant zippable \u00e0 moiti\u00e9<br \/>\n\u2022 Poches lat\u00e9rales<br \/>\n\u2022 Produit vierge provenant de Chine<\/p>\n<p>\u2022 Tra\u00e7abilit\u00e9\u00a0:<br \/>\n&#8211; Tricotage\u00a0: Chine<br \/>\n&#8211; Teinture\u00a0: Chine<br \/>\n&#8211; Fabrication\u00a0: Lettonie<br \/>\n\u2022 Comprend 95\u00a0% de polyester recycl\u00e9<br \/>\n\u2022 Comprend 0\u00a0% de substances dangereuses<br \/>\n\u2022 Cet article lib\u00e8re des microfibres en plastique dans l&rsquo;environnement pendant le lavage<\/p>\n","protected":false},"excerpt":{"rendered":"<p>Faites des randonn\u00e9es avec style sans que la pluie ne vous g\u00eane\u00a0: ce coupe-vent est l\u00e9ger, imperm\u00e9able \u00e0 l&rsquo;eau et adapt\u00e9 \u00e0 tous les types d&rsquo;aventure. Les fonctionnalit\u00e9s incluent des poches \u00e0 fente lat\u00e9rale, une doublure en maille respirante et des cordons de serrage r\u00e9glables sur la capuche et la taille pour soutenir tous vos [&hellip;]<\/p>\n","protected":false},"featured_media":489,"comment_status":"open","ping_status":"closed","template":"","meta":{"om_disable_all_campaigns":false,"_monsterinsights_skip_tracking":false,"_monsterinsights_sitenote_active":false,"_monsterinsights_sitenote_note":"","_monsterinsights_sitenote_category":0},"product_brand":[],"product_cat":[121,88,80],"product_tag":[],"class_list":{"0":"post-481","1":"product","2":"type-product","3":"status-publish","4":"has-post-thumbnail","6":"product_cat-lalas-dream","7":"product_cat-partenaires","8":"product_cat-vetements","9":"dc_vendor_shop-lalasdream","11":"first","12":"instock","13":"taxable","14":"shipping-taxable","15":"purchasable","16":"product-type-variable"},"aioseo_notices":[],"jetpack_sharing_enabled":true,"_links":{"self":[{"href":"https:\/\/kakimakiti.com\/index.php\/wp-json\/wp\/v2\/product\/481","targetHints":{"allow":["GET"]}}],"collection":[{"href":"https:\/\/kakimakiti.com\/index.php\/wp-json\/wp\/v2\/product"}],"about":[{"href":"https:\/\/kakimakiti.com\/index.php\/wp-json\/wp\/v2\/types\/product"}],"replies":[{"embeddable":true,"href":"https:\/\/kakimakiti.com\/index.php\/wp-json\/wp\/v2\/comments?post=481"}],"wp:featuredmedia":[{"embeddable":true,"href":"https:\/\/kakimakiti.com\/index.php\/wp-json\/wp\/v2\/media\/489"}],"wp:attachment":[{"href":"https:\/\/kakimakiti.com\/index.php\/wp-json\/wp\/v2\/media?parent=481"}],"wp:term":[{"taxonomy":"product_brand","embeddable":true,"href":"https:\/\/kakimakiti.com\/index.php\/wp-json\/wp\/v2\/product_brand?post=481"},{"taxonomy":"product_cat","embeddable":true,"href":"https:\/\/kakimakiti.com\/index.php\/wp-json\/wp\/v2\/product_cat?post=481"},{"taxonomy":"product_tag","embeddable":true,"href":"https:\/\/kakimakiti.com\/index.php\/wp-json\/wp\/v2\/product_tag?post=481"}],"curies":[{"name":"wp","href":"https:\/\/api.w.org\/{rel}","templated":true}]}}