{"id":328,"date":"2024-02-23T14:36:03","date_gmt":"2024-02-23T13:36:03","guid":{"rendered":"https:\/\/kakimakiti.com\/index.php\/product\/t-shirt-kaki-en-coton\/"},"modified":"2025-10-28T21:42:22","modified_gmt":"2025-10-28T20:42:22","slug":"t-shirt-kaki-en-coton","status":"publish","type":"product","link":"https:\/\/kakimakiti.com\/index.php\/product\/t-shirt-kaki-en-coton\/","title":{"rendered":"T-shirt Kaki en coton"},"content":{"rendered":"<p>Vous vous \u00eates toujours demand\u00e9 \u00e0 quoi ressemble le vrai luxe\u00a0? Offrez-vous un t-shirt exclusif fabriqu\u00e9 \u00e0 partir du coton de qualit\u00e9 premium, plus doux et deux fois plus r\u00e9sistant que le coton traditionnel. Le t-shirt est dot\u00e9 d&rsquo;une coupe classique et droite, et sera une excellente base pour toute tenue \u00e9l\u00e9gante ou d\u00e9contract\u00e9e.<\/p>\n<p>\u2022 100\u00a0% coton<br \/>\n\u2022 Poids du tissu\u00a0: 200\u00a0g\/m\u00b2 (5,89\u00a0oz\/yd\u00b2) <br \/>\n\u2022 Coupe droite<br \/>\n\u2022 Col ras-du-cou<br \/>\n\u2022 R\u00e9sistant au boulochage<br \/>\n\u2022 Meilleure r\u00e9tention de la couleur apr\u00e8s les lavages que le coton traditionnel<br \/>\n\u2022 Produit vierge provenant de Lettonie<\/p>\n","protected":false},"excerpt":{"rendered":"<p>Vous vous \u00eates toujours demand\u00e9 \u00e0 quoi ressemble le vrai luxe\u00a0? Offrez-vous un t-shirt exclusif fabriqu\u00e9 \u00e0 partir du coton de qualit\u00e9 premium, plus doux et deux fois plus r\u00e9sistant que le coton traditionnel. Le t-shirt est dot\u00e9 d&rsquo;une coupe classique et droite, et sera une excellente base pour toute tenue \u00e9l\u00e9gante ou d\u00e9contract\u00e9e. \u2022 [&hellip;]<\/p>\n","protected":false},"featured_media":340,"comment_status":"open","ping_status":"closed","template":"","meta":{"om_disable_all_campaigns":false,"_monsterinsights_skip_tracking":false,"_monsterinsights_sitenote_active":false,"_monsterinsights_sitenote_note":"","_monsterinsights_sitenote_category":0},"product_brand":[],"product_cat":[85,80],"product_tag":[],"class_list":{"0":"post-328","1":"product","2":"type-product","3":"status-publish","4":"has-post-thumbnail","6":"product_cat-kaki-store","7":"product_cat-vetements","9":"first","10":"instock","11":"taxable","12":"shipping-taxable","13":"purchasable","14":"product-type-variable"},"aioseo_notices":[],"jetpack_sharing_enabled":true,"_links":{"self":[{"href":"https:\/\/kakimakiti.com\/index.php\/wp-json\/wp\/v2\/product\/328","targetHints":{"allow":["GET"]}}],"collection":[{"href":"https:\/\/kakimakiti.com\/index.php\/wp-json\/wp\/v2\/product"}],"about":[{"href":"https:\/\/kakimakiti.com\/index.php\/wp-json\/wp\/v2\/types\/product"}],"replies":[{"embeddable":true,"href":"https:\/\/kakimakiti.com\/index.php\/wp-json\/wp\/v2\/comments?post=328"}],"wp:featuredmedia":[{"embeddable":true,"href":"https:\/\/kakimakiti.com\/index.php\/wp-json\/wp\/v2\/media\/340"}],"wp:attachment":[{"href":"https:\/\/kakimakiti.com\/index.php\/wp-json\/wp\/v2\/media?parent=328"}],"wp:term":[{"taxonomy":"product_brand","embeddable":true,"href":"https:\/\/kakimakiti.com\/index.php\/wp-json\/wp\/v2\/product_brand?post=328"},{"taxonomy":"product_cat","embeddable":true,"href":"https:\/\/kakimakiti.com\/index.php\/wp-json\/wp\/v2\/product_cat?post=328"},{"taxonomy":"product_tag","embeddable":true,"href":"https:\/\/kakimakiti.com\/index.php\/wp-json\/wp\/v2\/product_tag?post=328"}],"curies":[{"name":"wp","href":"https:\/\/api.w.org\/{rel}","templated":true}]}}