{"id":317,"date":"2024-02-23T14:27:37","date_gmt":"2024-02-23T13:27:37","guid":{"rendered":"https:\/\/kakimakiti.com\/index.php\/product\/tongs-kaki\/"},"modified":"2025-10-28T21:42:21","modified_gmt":"2025-10-28T20:42:21","slug":"tongs-kaki","status":"publish","type":"product","link":"https:\/\/kakimakiti.com\/index.php\/product\/tongs-kaki\/","title":{"rendered":"Tongs Kaki"},"content":{"rendered":"<p>Pr\u00e9parez-vous \u00e0 un \u00e9t\u00e9 d&rsquo;aventures et d&rsquo;insouciance avec cette paire de tongs color\u00e9es cr\u00e9\u00e9e sp\u00e9cialement pour vous\u00a0! La semelle en caoutchouc est doubl\u00e9e d&rsquo;un tissu doux pour vous garantir un maximum de confort o\u00f9 que vous alliez.<\/p>\n<p>\u2022 Semelle en caoutchouc<br \/>\n\u2022 Doublure personnalisable en tissu 100\u00a0% polyester<br \/>\n\u2022 Bande de caoutchouc noire en forme de Y<\/p>\n","protected":false},"excerpt":{"rendered":"<p>Pr\u00e9parez-vous \u00e0 un \u00e9t\u00e9 d&rsquo;aventures et d&rsquo;insouciance avec cette paire de tongs color\u00e9es cr\u00e9\u00e9e sp\u00e9cialement pour vous\u00a0! La semelle en caoutchouc est doubl\u00e9e d&rsquo;un tissu doux pour vous garantir un maximum de confort o\u00f9 que vous alliez. \u2022 Semelle en caoutchouc \u2022 Doublure personnalisable en tissu 100\u00a0% polyester \u2022 Bande de caoutchouc noire en forme [&hellip;]<\/p>\n","protected":false},"featured_media":321,"comment_status":"open","ping_status":"closed","template":"","meta":{"om_disable_all_campaigns":false,"_monsterinsights_skip_tracking":false,"_monsterinsights_sitenote_active":false,"_monsterinsights_sitenote_note":"","_monsterinsights_sitenote_category":0},"product_brand":[],"product_cat":[81,85],"product_tag":[],"class_list":{"0":"post-317","1":"product","2":"type-product","3":"status-publish","4":"has-post-thumbnail","6":"product_cat-chaussures","7":"product_cat-kaki-store","9":"first","10":"instock","11":"taxable","12":"shipping-taxable","13":"purchasable","14":"product-type-variable"},"aioseo_notices":[],"jetpack_sharing_enabled":true,"_links":{"self":[{"href":"https:\/\/kakimakiti.com\/index.php\/wp-json\/wp\/v2\/product\/317","targetHints":{"allow":["GET"]}}],"collection":[{"href":"https:\/\/kakimakiti.com\/index.php\/wp-json\/wp\/v2\/product"}],"about":[{"href":"https:\/\/kakimakiti.com\/index.php\/wp-json\/wp\/v2\/types\/product"}],"replies":[{"embeddable":true,"href":"https:\/\/kakimakiti.com\/index.php\/wp-json\/wp\/v2\/comments?post=317"}],"wp:featuredmedia":[{"embeddable":true,"href":"https:\/\/kakimakiti.com\/index.php\/wp-json\/wp\/v2\/media\/321"}],"wp:attachment":[{"href":"https:\/\/kakimakiti.com\/index.php\/wp-json\/wp\/v2\/media?parent=317"}],"wp:term":[{"taxonomy":"product_brand","embeddable":true,"href":"https:\/\/kakimakiti.com\/index.php\/wp-json\/wp\/v2\/product_brand?post=317"},{"taxonomy":"product_cat","embeddable":true,"href":"https:\/\/kakimakiti.com\/index.php\/wp-json\/wp\/v2\/product_cat?post=317"},{"taxonomy":"product_tag","embeddable":true,"href":"https:\/\/kakimakiti.com\/index.php\/wp-json\/wp\/v2\/product_tag?post=317"}],"curies":[{"name":"wp","href":"https:\/\/api.w.org\/{rel}","templated":true}]}}