{"id":292,"date":"2024-02-23T14:20:49","date_gmt":"2024-02-23T13:20:49","guid":{"rendered":"https:\/\/kakimakiti.com\/index.php\/product\/casquette-snapback-kmt-music\/"},"modified":"2024-04-10T04:21:49","modified_gmt":"2024-04-10T02:21:49","slug":"casquette-snapback-kmt-music","status":"publish","type":"product","link":"https:\/\/kakimakiti.com\/index.php\/product\/casquette-snapback-kmt-music\/","title":{"rendered":"Casquette Snapback KMT Music"},"content":{"rendered":"<p>Cette casquette est structur\u00e9e avec une coupe classique, un bord plat et en bougran. Le serrage r\u00e9glable \u00e0 pression en fait une casquette confortable.  <\/p>\n<p>\u2022 80 % acrylique, 20 % laine (la casquette vert camouflage : 60 % coton et 40 % polyester)<br \/>\n\u2022 Structur\u00e9e, 6 panneaux, haut profil<br \/>\n\u2022 Serrage \u00e0 pression en plastique<br \/>\n\u2022 Vert sous la visi\u00e8re<br \/>\n\u2022 Circonf\u00e9rence de la t\u00eate : 54,9 \u00e0 60 cm<\/p>\n<p>\u2022 Tra\u00e7abilit\u00e9\u00a0: <br \/>\n&#8211; Teinture\u00a0: Vietnam <br \/>\n&#8211; Fabrication\u00a0: Bangladesh ou Vietnam <br \/>\n\u2022 Comprend 0\u00a0% de polyester recycl\u00e9 <br \/>\n\u2022 Comprend 0\u00a0% de substances dangereuses <br \/>\n\u2022 Cet article lib\u00e8re des microfibres en plastique dans l&rsquo;environnement pendant le lavage<\/p>\n","protected":false},"excerpt":{"rendered":"<p>Cette casquette est structur\u00e9e avec une coupe classique, un bord plat et en bougran. Le serrage r\u00e9glable \u00e0 pression en fait une casquette confortable. \u2022 80 % acrylique, 20 % laine (la casquette vert camouflage : 60 % coton et 40 % polyester) \u2022 Structur\u00e9e, 6 panneaux, haut profil \u2022 Serrage \u00e0 pression en plastique [&hellip;]<\/p>\n","protected":false},"featured_media":301,"comment_status":"open","ping_status":"closed","template":"","meta":{"om_disable_all_campaigns":false,"_monsterinsights_skip_tracking":false,"_monsterinsights_sitenote_active":false,"_monsterinsights_sitenote_note":"","_monsterinsights_sitenote_category":0},"product_brand":[],"product_cat":[84,85],"product_tag":[],"class_list":{"0":"post-292","1":"product","2":"type-product","3":"status-publish","4":"has-post-thumbnail","6":"product_cat-accessoires","7":"product_cat-kaki-store","9":"first","10":"instock","11":"taxable","12":"shipping-taxable","13":"purchasable","14":"product-type-variable"},"aioseo_notices":[],"jetpack_sharing_enabled":true,"_links":{"self":[{"href":"https:\/\/kakimakiti.com\/index.php\/wp-json\/wp\/v2\/product\/292","targetHints":{"allow":["GET"]}}],"collection":[{"href":"https:\/\/kakimakiti.com\/index.php\/wp-json\/wp\/v2\/product"}],"about":[{"href":"https:\/\/kakimakiti.com\/index.php\/wp-json\/wp\/v2\/types\/product"}],"replies":[{"embeddable":true,"href":"https:\/\/kakimakiti.com\/index.php\/wp-json\/wp\/v2\/comments?post=292"}],"wp:featuredmedia":[{"embeddable":true,"href":"https:\/\/kakimakiti.com\/index.php\/wp-json\/wp\/v2\/media\/301"}],"wp:attachment":[{"href":"https:\/\/kakimakiti.com\/index.php\/wp-json\/wp\/v2\/media?parent=292"}],"wp:term":[{"taxonomy":"product_brand","embeddable":true,"href":"https:\/\/kakimakiti.com\/index.php\/wp-json\/wp\/v2\/product_brand?post=292"},{"taxonomy":"product_cat","embeddable":true,"href":"https:\/\/kakimakiti.com\/index.php\/wp-json\/wp\/v2\/product_cat?post=292"},{"taxonomy":"product_tag","embeddable":true,"href":"https:\/\/kakimakiti.com\/index.php\/wp-json\/wp\/v2\/product_tag?post=292"}],"curies":[{"name":"wp","href":"https:\/\/api.w.org\/{rel}","templated":true}]}}