{"id":283,"date":"2024-02-23T14:13:55","date_gmt":"2024-02-23T13:13:55","guid":{"rendered":"https:\/\/kakimakiti.com\/index.php\/product\/kaki-kup\/"},"modified":"2024-04-10T04:21:23","modified_gmt":"2024-04-10T02:21:23","slug":"kaki-kup","status":"publish","type":"product","link":"https:\/\/kakimakiti.com\/index.php\/product\/kaki-kup\/","title":{"rendered":"Kaki Kup"},"content":{"rendered":"<p>Comment passer une f\u00eate en ext\u00e9rieur sans gobelet \u00e0 vin pour garder une boisson fra\u00eeche et \u00e0 la bonne temp\u00e9rature\u00a0? Oubliez les verres cassables\u00a0: donnez sa chance \u00e0 ce gobelet \u00e0 vin de forme unique et amusez-vous avec vos ami.e.s sans souci.<\/p>\n<p> \u2022 355\u00a0ml (12\u00a0oz)<br \/>\n \u2022 Taille du gobelet\u00a0:\u00a012\u00a0\u00d7 9\u00a0cm (4,7\u00a0\u2033 \u00d7 3,5\u00a0\u2033)<br \/>\n \u2022 Acier inoxydable de haute qualit\u00e9<br \/>\n \u2022 Joint herm\u00e9tique \u00e0 double paroi<br \/>\n \u2022 Forme incurv\u00e9e et unique<\/p>\n","protected":false},"excerpt":{"rendered":"<p>Comment passer une f\u00eate en ext\u00e9rieur sans gobelet \u00e0 vin pour garder une boisson fra\u00eeche et \u00e0 la bonne temp\u00e9rature\u00a0? Oubliez les verres cassables\u00a0: donnez sa chance \u00e0 ce gobelet \u00e0 vin de forme unique et amusez-vous avec vos ami.e.s sans souci. \u2022 355\u00a0ml (12\u00a0oz) \u2022 Taille du gobelet\u00a0:\u00a012\u00a0\u00d7 9\u00a0cm (4,7\u00a0\u2033 \u00d7 3,5\u00a0\u2033) \u2022 Acier [&hellip;]<\/p>\n","protected":false},"featured_media":284,"comment_status":"open","ping_status":"closed","template":"","meta":{"om_disable_all_campaigns":false,"_monsterinsights_skip_tracking":false,"_monsterinsights_sitenote_active":false,"_monsterinsights_sitenote_note":"","_monsterinsights_sitenote_category":0},"product_brand":[],"product_cat":[84,85],"product_tag":[],"class_list":{"0":"post-283","1":"product","2":"type-product","3":"status-publish","4":"has-post-thumbnail","6":"product_cat-accessoires","7":"product_cat-kaki-store","9":"first","10":"instock","11":"taxable","12":"shipping-taxable","13":"purchasable","14":"product-type-simple"},"aioseo_notices":[],"jetpack_sharing_enabled":true,"_links":{"self":[{"href":"https:\/\/kakimakiti.com\/index.php\/wp-json\/wp\/v2\/product\/283","targetHints":{"allow":["GET"]}}],"collection":[{"href":"https:\/\/kakimakiti.com\/index.php\/wp-json\/wp\/v2\/product"}],"about":[{"href":"https:\/\/kakimakiti.com\/index.php\/wp-json\/wp\/v2\/types\/product"}],"replies":[{"embeddable":true,"href":"https:\/\/kakimakiti.com\/index.php\/wp-json\/wp\/v2\/comments?post=283"}],"wp:featuredmedia":[{"embeddable":true,"href":"https:\/\/kakimakiti.com\/index.php\/wp-json\/wp\/v2\/media\/284"}],"wp:attachment":[{"href":"https:\/\/kakimakiti.com\/index.php\/wp-json\/wp\/v2\/media?parent=283"}],"wp:term":[{"taxonomy":"product_brand","embeddable":true,"href":"https:\/\/kakimakiti.com\/index.php\/wp-json\/wp\/v2\/product_brand?post=283"},{"taxonomy":"product_cat","embeddable":true,"href":"https:\/\/kakimakiti.com\/index.php\/wp-json\/wp\/v2\/product_cat?post=283"},{"taxonomy":"product_tag","embeddable":true,"href":"https:\/\/kakimakiti.com\/index.php\/wp-json\/wp\/v2\/product_tag?post=283"}],"curies":[{"name":"wp","href":"https:\/\/api.w.org\/{rel}","templated":true}]}}