{"id":2262,"date":"2025-03-25T01:50:30","date_gmt":"2025-03-25T00:50:30","guid":{"rendered":"https:\/\/kakimakiti.com\/index.php\/product\/casquette-de-golf-kaki\/"},"modified":"2025-03-25T01:51:24","modified_gmt":"2025-03-25T00:51:24","slug":"casquette-de-golf-kaki","status":"publish","type":"product","link":"https:\/\/kakimakiti.com\/index.php\/product\/casquette-de-golf-kaki\/","title":{"rendered":"Casquette de Golf Kaki"},"content":{"rendered":"<p>Ajoutez une touche classique \u00e0 vos tenues gr\u00e2ce \u00e0 cette casquette de golf \u00e0 corde. Dot\u00e9e d&rsquo;une coupe structur\u00e9e, d&rsquo;une corde et d&rsquo;un arri\u00e8re r\u00e9glable, elle est parfaite pour toute sortie.<\/p>\n<p>\u2022 70\u00a0% coton, 30\u00a0% nylon<br \/>\n\u2022 Non structur\u00e9e, 5-panneaux, panneau avant doubl\u00e9<br \/>\n\u2022 Visi\u00e8re semi-incurv\u00e9e avec corde avec cordon contrast\u00e9<br \/>\n\u2022 Fermeture \u00e0 bouton Snapback contrast\u00e9e<br \/>\n\u2022 Taille unique<br \/>\n\u2022 Produit vierge provenant du Vietnam<\/p>\n<p>En conformit\u00e9 avec le R\u00e8glement pour la S\u00e9curit\u00e9 G\u00e9n\u00e9rale des Produits (RSGP), <b>Oak inc.<\/b> et <b>SINDEN VENTURES LIMITED<\/b>garantissent que tous les produits de consommation propos\u00e9s sont s\u00fbrs et conformes aux normes de l&rsquo;UE. Pour toutes questions ou pr\u00e9occupations concernant les mesures de s\u00e9curit\u00e9 des produits, veuillez contacter notre repr\u00e9sentant europ\u00e9en \u00e0 <b>gpsr@sindenventures.com<\/b>. Vous pouvez \u00e9galement nous \u00e9crire \u00e0 <b>123 Main Street, Anytown, Country<\/b> ou <b>Markou Evgenikou 11, Mesa Geitonia, 4002, Limassol, Cyprus.<b \/><\/p>\n","protected":false},"excerpt":{"rendered":"<p>Ajoutez une touche classique \u00e0 vos tenues gr\u00e2ce \u00e0 cette casquette de golf \u00e0 corde. Dot\u00e9e d&rsquo;une coupe structur\u00e9e, d&rsquo;une corde et d&rsquo;un arri\u00e8re r\u00e9glable, elle est parfaite pour toute sortie. \u2022 70\u00a0% coton, 30\u00a0% nylon \u2022 Non structur\u00e9e, 5-panneaux, panneau avant doubl\u00e9 \u2022 Visi\u00e8re semi-incurv\u00e9e avec corde avec cordon contrast\u00e9 \u2022 Fermeture \u00e0 bouton [&hellip;]<\/p>\n","protected":false},"featured_media":2265,"comment_status":"open","ping_status":"closed","template":"","meta":{"om_disable_all_campaigns":false,"_monsterinsights_skip_tracking":false,"_monsterinsights_sitenote_active":false,"_monsterinsights_sitenote_note":"","_monsterinsights_sitenote_category":0},"product_brand":[],"product_cat":[84,85,80],"product_tag":[],"class_list":{"0":"post-2262","1":"product","2":"type-product","3":"status-publish","4":"has-post-thumbnail","6":"product_cat-accessoires","7":"product_cat-kaki-store","8":"product_cat-vetements","10":"first","11":"instock","12":"taxable","13":"shipping-taxable","14":"purchasable","15":"product-type-simple"},"aioseo_notices":[],"jetpack_sharing_enabled":true,"_links":{"self":[{"href":"https:\/\/kakimakiti.com\/index.php\/wp-json\/wp\/v2\/product\/2262","targetHints":{"allow":["GET"]}}],"collection":[{"href":"https:\/\/kakimakiti.com\/index.php\/wp-json\/wp\/v2\/product"}],"about":[{"href":"https:\/\/kakimakiti.com\/index.php\/wp-json\/wp\/v2\/types\/product"}],"replies":[{"embeddable":true,"href":"https:\/\/kakimakiti.com\/index.php\/wp-json\/wp\/v2\/comments?post=2262"}],"wp:featuredmedia":[{"embeddable":true,"href":"https:\/\/kakimakiti.com\/index.php\/wp-json\/wp\/v2\/media\/2265"}],"wp:attachment":[{"href":"https:\/\/kakimakiti.com\/index.php\/wp-json\/wp\/v2\/media?parent=2262"}],"wp:term":[{"taxonomy":"product_brand","embeddable":true,"href":"https:\/\/kakimakiti.com\/index.php\/wp-json\/wp\/v2\/product_brand?post=2262"},{"taxonomy":"product_cat","embeddable":true,"href":"https:\/\/kakimakiti.com\/index.php\/wp-json\/wp\/v2\/product_cat?post=2262"},{"taxonomy":"product_tag","embeddable":true,"href":"https:\/\/kakimakiti.com\/index.php\/wp-json\/wp\/v2\/product_tag?post=2262"}],"curies":[{"name":"wp","href":"https:\/\/api.w.org\/{rel}","templated":true}]}}