{"id":1914,"date":"2024-06-27T20:17:23","date_gmt":"2024-06-27T18:17:23","guid":{"rendered":"https:\/\/kakimakiti.com\/index.php\/product\/thiere-lalo\/"},"modified":"2024-06-29T16:29:18","modified_gmt":"2024-06-29T14:29:18","slug":"thiere-lalo","status":"publish","type":"product","link":"https:\/\/kakimakiti.com\/index.php\/product\/thiere-lalo\/","title":{"rendered":"Thi\u00e9r\u00e9 lalo"},"content":{"rendered":"<p>Thi\u00e9r\u00e9 Lalo<br \/>\nDescription: couscous de mil pr\u00e9cuit avec du lalo (poudre de baobab)<br \/>\nQuantit\u00e9 :400g<\/p>\n","protected":false},"excerpt":{"rendered":"<p>Thi\u00e9r\u00e9 Lalo Description: couscous de mil pr\u00e9cuit avec du lalo (poudre de baobab) Quantit\u00e9 :400g<\/p>\n","protected":false},"featured_media":1931,"comment_status":"open","ping_status":"closed","template":"","meta":{"om_disable_all_campaigns":false,"_monsterinsights_skip_tracking":false,"_monsterinsights_sitenote_active":false,"_monsterinsights_sitenote_note":"","_monsterinsights_sitenote_category":0},"product_brand":[],"product_cat":[83,191,15],"product_tag":[],"class_list":{"0":"post-1914","1":"product","2":"type-product","3":"status-publish","4":"has-post-thumbnail","6":"product_cat-aliments-herbes-et-epices","7":"product_cat-dgs-boutique-africaine","8":"product_cat-uncategorized","9":"dc_vendor_shop-destinygirlshop","11":"first","12":"instock","13":"taxable","14":"shipping-taxable","15":"purchasable","16":"product-type-simple"},"aioseo_notices":[],"jetpack_sharing_enabled":true,"_links":{"self":[{"href":"https:\/\/kakimakiti.com\/index.php\/wp-json\/wp\/v2\/product\/1914","targetHints":{"allow":["GET"]}}],"collection":[{"href":"https:\/\/kakimakiti.com\/index.php\/wp-json\/wp\/v2\/product"}],"about":[{"href":"https:\/\/kakimakiti.com\/index.php\/wp-json\/wp\/v2\/types\/product"}],"replies":[{"embeddable":true,"href":"https:\/\/kakimakiti.com\/index.php\/wp-json\/wp\/v2\/comments?post=1914"}],"wp:featuredmedia":[{"embeddable":true,"href":"https:\/\/kakimakiti.com\/index.php\/wp-json\/wp\/v2\/media\/1931"}],"wp:attachment":[{"href":"https:\/\/kakimakiti.com\/index.php\/wp-json\/wp\/v2\/media?parent=1914"}],"wp:term":[{"taxonomy":"product_brand","embeddable":true,"href":"https:\/\/kakimakiti.com\/index.php\/wp-json\/wp\/v2\/product_brand?post=1914"},{"taxonomy":"product_cat","embeddable":true,"href":"https:\/\/kakimakiti.com\/index.php\/wp-json\/wp\/v2\/product_cat?post=1914"},{"taxonomy":"product_tag","embeddable":true,"href":"https:\/\/kakimakiti.com\/index.php\/wp-json\/wp\/v2\/product_tag?post=1914"}],"curies":[{"name":"wp","href":"https:\/\/api.w.org\/{rel}","templated":true}]}}