{"id":1912,"date":"2024-06-27T20:17:22","date_gmt":"2024-06-27T18:17:22","guid":{"rendered":"https:\/\/kakimakiti.com\/index.php\/product\/miel-de-foret\/"},"modified":"2025-10-28T21:43:12","modified_gmt":"2025-10-28T20:43:12","slug":"miel-de-foret","status":"publish","type":"product","link":"https:\/\/kakimakiti.com\/index.php\/product\/miel-de-foret\/","title":{"rendered":"Miel de for\u00eat"},"content":{"rendered":"<p>Miel d&rsquo;arbres des for\u00eats de la Casamance(sud du S\u00e9n\u00e9gal)<br \/>\nQuantit\u00e9: 1litre _ 1,300kg<\/p>\n","protected":false},"excerpt":{"rendered":"<p>Miel d&rsquo;arbres des for\u00eats de la Casamance(sud du S\u00e9n\u00e9gal) Quantit\u00e9: 1litre _ 1,300kg<\/p>\n","protected":false},"featured_media":1945,"comment_status":"open","ping_status":"closed","template":"","meta":{"om_disable_all_campaigns":false,"_monsterinsights_skip_tracking":false,"_monsterinsights_sitenote_active":false,"_monsterinsights_sitenote_note":"","_monsterinsights_sitenote_category":0},"product_brand":[],"product_cat":[83,191],"product_tag":[],"class_list":{"0":"post-1912","1":"product","2":"type-product","3":"status-publish","4":"has-post-thumbnail","6":"product_cat-aliments-herbes-et-epices","7":"product_cat-dgs-boutique-africaine","8":"dc_vendor_shop-destinygirlshop","10":"first","11":"instock","12":"taxable","13":"shipping-taxable","14":"purchasable","15":"product-type-simple"},"aioseo_notices":[],"jetpack_sharing_enabled":true,"_links":{"self":[{"href":"https:\/\/kakimakiti.com\/index.php\/wp-json\/wp\/v2\/product\/1912","targetHints":{"allow":["GET"]}}],"collection":[{"href":"https:\/\/kakimakiti.com\/index.php\/wp-json\/wp\/v2\/product"}],"about":[{"href":"https:\/\/kakimakiti.com\/index.php\/wp-json\/wp\/v2\/types\/product"}],"replies":[{"embeddable":true,"href":"https:\/\/kakimakiti.com\/index.php\/wp-json\/wp\/v2\/comments?post=1912"}],"wp:featuredmedia":[{"embeddable":true,"href":"https:\/\/kakimakiti.com\/index.php\/wp-json\/wp\/v2\/media\/1945"}],"wp:attachment":[{"href":"https:\/\/kakimakiti.com\/index.php\/wp-json\/wp\/v2\/media?parent=1912"}],"wp:term":[{"taxonomy":"product_brand","embeddable":true,"href":"https:\/\/kakimakiti.com\/index.php\/wp-json\/wp\/v2\/product_brand?post=1912"},{"taxonomy":"product_cat","embeddable":true,"href":"https:\/\/kakimakiti.com\/index.php\/wp-json\/wp\/v2\/product_cat?post=1912"},{"taxonomy":"product_tag","embeddable":true,"href":"https:\/\/kakimakiti.com\/index.php\/wp-json\/wp\/v2\/product_tag?post=1912"}],"curies":[{"name":"wp","href":"https:\/\/api.w.org\/{rel}","templated":true}]}}