{"id":1896,"date":"2024-06-27T20:17:17","date_gmt":"2024-06-27T18:17:17","guid":{"rendered":"https:\/\/kakimakiti.com\/index.php\/product\/riz-parfume\/"},"modified":"2024-06-27T23:00:04","modified_gmt":"2024-06-27T21:00:04","slug":"riz-parfume","status":"publish","type":"product","link":"https:\/\/kakimakiti.com\/index.php\/product\/riz-parfume\/","title":{"rendered":"Riz parfum\u00e9"},"content":{"rendered":"<p>Un riz parfum\u00e9 d\u00e9gage un ar\u00f4me, qui s&rsquo;exprime le mieux au moment de la cuisson mais que l&rsquo;on per\u00e7oit d\u00e9j\u00e0 avec un peu d&rsquo;attention. Sa cuisson est facile et ne n\u00e9cessite pas beaucoup d&rsquo;eau ni de temps.<\/p>\n","protected":false},"excerpt":{"rendered":"<p>Un riz parfum\u00e9 d\u00e9gage un ar\u00f4me, qui s&rsquo;exprime le mieux au moment de la cuisson mais que l&rsquo;on per\u00e7oit d\u00e9j\u00e0 avec un peu d&rsquo;attention. Sa cuisson est facile et ne n\u00e9cessite pas beaucoup d&rsquo;eau ni de temps.<\/p>\n","protected":false},"featured_media":1941,"comment_status":"open","ping_status":"closed","template":"","meta":{"om_disable_all_campaigns":false,"_monsterinsights_skip_tracking":false,"_monsterinsights_sitenote_active":false,"_monsterinsights_sitenote_note":"","_monsterinsights_sitenote_category":0},"product_brand":[],"product_cat":[83,191],"product_tag":[],"class_list":{"0":"post-1896","1":"product","2":"type-product","3":"status-publish","4":"has-post-thumbnail","6":"product_cat-aliments-herbes-et-epices","7":"product_cat-dgs-boutique-africaine","8":"dc_vendor_shop-destinygirlshop","10":"first","11":"instock","12":"taxable","13":"shipping-taxable","14":"purchasable","15":"product-type-simple"},"aioseo_notices":[],"jetpack_sharing_enabled":true,"_links":{"self":[{"href":"https:\/\/kakimakiti.com\/index.php\/wp-json\/wp\/v2\/product\/1896","targetHints":{"allow":["GET"]}}],"collection":[{"href":"https:\/\/kakimakiti.com\/index.php\/wp-json\/wp\/v2\/product"}],"about":[{"href":"https:\/\/kakimakiti.com\/index.php\/wp-json\/wp\/v2\/types\/product"}],"replies":[{"embeddable":true,"href":"https:\/\/kakimakiti.com\/index.php\/wp-json\/wp\/v2\/comments?post=1896"}],"wp:featuredmedia":[{"embeddable":true,"href":"https:\/\/kakimakiti.com\/index.php\/wp-json\/wp\/v2\/media\/1941"}],"wp:attachment":[{"href":"https:\/\/kakimakiti.com\/index.php\/wp-json\/wp\/v2\/media?parent=1896"}],"wp:term":[{"taxonomy":"product_brand","embeddable":true,"href":"https:\/\/kakimakiti.com\/index.php\/wp-json\/wp\/v2\/product_brand?post=1896"},{"taxonomy":"product_cat","embeddable":true,"href":"https:\/\/kakimakiti.com\/index.php\/wp-json\/wp\/v2\/product_cat?post=1896"},{"taxonomy":"product_tag","embeddable":true,"href":"https:\/\/kakimakiti.com\/index.php\/wp-json\/wp\/v2\/product_tag?post=1896"}],"curies":[{"name":"wp","href":"https:\/\/api.w.org\/{rel}","templated":true}]}}