{"id":1895,"date":"2024-06-27T20:17:17","date_gmt":"2024-06-27T18:17:17","guid":{"rendered":"https:\/\/kakimakiti.com\/index.php\/product\/poudre-darachide\/"},"modified":"2024-06-27T23:04:29","modified_gmt":"2024-06-27T21:04:29","slug":"poudre-darachide","status":"publish","type":"product","link":"https:\/\/kakimakiti.com\/index.php\/product\/poudre-darachide\/","title":{"rendered":"Poudre d&rsquo;arachide"},"content":{"rendered":"<p>La poudre d&rsquo;arachide: cette farine est pr\u00e9par\u00e9e \u00e0 partir de cacahu\u00e8tes torr\u00e9fi\u00e9es, soigneusement s\u00e9lectionn\u00e9es et broy\u00e9es sans extraction d&rsquo;huile. Ceci \u00e9tait dit que vous avez l\u00e0 un vrai compl\u00e9ment alimentaire et aliment sain<\/p>\n","protected":false},"excerpt":{"rendered":"<p>La poudre d&rsquo;arachide: cette farine est pr\u00e9par\u00e9e \u00e0 partir de cacahu\u00e8tes torr\u00e9fi\u00e9es, soigneusement s\u00e9lectionn\u00e9es et broy\u00e9es sans extraction d&rsquo;huile. Ceci \u00e9tait dit que vous avez l\u00e0 un vrai compl\u00e9ment alimentaire et aliment sain<\/p>\n","protected":false},"featured_media":1940,"comment_status":"open","ping_status":"closed","template":"","meta":{"om_disable_all_campaigns":false,"_monsterinsights_skip_tracking":false,"_monsterinsights_sitenote_active":false,"_monsterinsights_sitenote_note":"","_monsterinsights_sitenote_category":0},"product_brand":[],"product_cat":[83,191],"product_tag":[],"class_list":{"0":"post-1895","1":"product","2":"type-product","3":"status-publish","4":"has-post-thumbnail","6":"product_cat-aliments-herbes-et-epices","7":"product_cat-dgs-boutique-africaine","8":"dc_vendor_shop-destinygirlshop","10":"first","11":"instock","12":"taxable","13":"shipping-taxable","14":"purchasable","15":"product-type-simple"},"aioseo_notices":[],"jetpack_sharing_enabled":true,"_links":{"self":[{"href":"https:\/\/kakimakiti.com\/index.php\/wp-json\/wp\/v2\/product\/1895","targetHints":{"allow":["GET"]}}],"collection":[{"href":"https:\/\/kakimakiti.com\/index.php\/wp-json\/wp\/v2\/product"}],"about":[{"href":"https:\/\/kakimakiti.com\/index.php\/wp-json\/wp\/v2\/types\/product"}],"replies":[{"embeddable":true,"href":"https:\/\/kakimakiti.com\/index.php\/wp-json\/wp\/v2\/comments?post=1895"}],"wp:featuredmedia":[{"embeddable":true,"href":"https:\/\/kakimakiti.com\/index.php\/wp-json\/wp\/v2\/media\/1940"}],"wp:attachment":[{"href":"https:\/\/kakimakiti.com\/index.php\/wp-json\/wp\/v2\/media?parent=1895"}],"wp:term":[{"taxonomy":"product_brand","embeddable":true,"href":"https:\/\/kakimakiti.com\/index.php\/wp-json\/wp\/v2\/product_brand?post=1895"},{"taxonomy":"product_cat","embeddable":true,"href":"https:\/\/kakimakiti.com\/index.php\/wp-json\/wp\/v2\/product_cat?post=1895"},{"taxonomy":"product_tag","embeddable":true,"href":"https:\/\/kakimakiti.com\/index.php\/wp-json\/wp\/v2\/product_tag?post=1895"}],"curies":[{"name":"wp","href":"https:\/\/api.w.org\/{rel}","templated":true}]}}