{"id":1894,"date":"2024-06-27T20:17:16","date_gmt":"2024-06-27T18:17:16","guid":{"rendered":"https:\/\/kakimakiti.com\/index.php\/product\/bomber-6\/"},"modified":"2024-07-26T07:59:05","modified_gmt":"2024-07-26T05:59:05","slug":"bomber-6","status":"publish","type":"product","link":"https:\/\/kakimakiti.com\/index.php\/product\/bomber-6\/","title":{"rendered":"Bomber"},"content":{"rendered":"<p>Atout majeur pour un look sportif, classe et \u00e9l\u00e9gant cet hiver, ce bomber en wax est facile \u00e0 porter. Il est constitu\u00e9 de tissu wax, plus connu sous\u00a0le nom wooding, qui est en 100% coton, de doublure satin, de zip m\u00e9tallique et de poches en satin, sans oublier les manches et un cou\u00a0bien finis.<\/p>\n","protected":false},"excerpt":{"rendered":"<p>Atout majeur pour un look sportif, classe et \u00e9l\u00e9gant cet hiver, ce bomber en wax est facile \u00e0 porter. Il est constitu\u00e9 de tissu wax, plus connu sous\u00a0le nom wooding, qui est en 100% coton, de doublure satin, de zip m\u00e9tallique et de poches en satin, sans oublier les manches et un cou\u00a0bien finis.<\/p>\n","protected":false},"featured_media":1995,"comment_status":"open","ping_status":"closed","template":"","meta":{"om_disable_all_campaigns":false,"_monsterinsights_skip_tracking":false,"_monsterinsights_sitenote_active":false,"_monsterinsights_sitenote_note":"","_monsterinsights_sitenote_category":0},"product_brand":[],"product_cat":[15],"product_tag":[],"class_list":{"0":"post-1894","1":"product","2":"type-product","3":"status-publish","4":"has-post-thumbnail","6":"product_cat-uncategorized","7":"dc_vendor_shop-destinygirlshop","9":"first","10":"instock","11":"taxable","12":"shipping-taxable","13":"purchasable","14":"product-type-simple"},"aioseo_notices":[],"jetpack_sharing_enabled":true,"_links":{"self":[{"href":"https:\/\/kakimakiti.com\/index.php\/wp-json\/wp\/v2\/product\/1894","targetHints":{"allow":["GET"]}}],"collection":[{"href":"https:\/\/kakimakiti.com\/index.php\/wp-json\/wp\/v2\/product"}],"about":[{"href":"https:\/\/kakimakiti.com\/index.php\/wp-json\/wp\/v2\/types\/product"}],"replies":[{"embeddable":true,"href":"https:\/\/kakimakiti.com\/index.php\/wp-json\/wp\/v2\/comments?post=1894"}],"wp:featuredmedia":[{"embeddable":true,"href":"https:\/\/kakimakiti.com\/index.php\/wp-json\/wp\/v2\/media\/1995"}],"wp:attachment":[{"href":"https:\/\/kakimakiti.com\/index.php\/wp-json\/wp\/v2\/media?parent=1894"}],"wp:term":[{"taxonomy":"product_brand","embeddable":true,"href":"https:\/\/kakimakiti.com\/index.php\/wp-json\/wp\/v2\/product_brand?post=1894"},{"taxonomy":"product_cat","embeddable":true,"href":"https:\/\/kakimakiti.com\/index.php\/wp-json\/wp\/v2\/product_cat?post=1894"},{"taxonomy":"product_tag","embeddable":true,"href":"https:\/\/kakimakiti.com\/index.php\/wp-json\/wp\/v2\/product_tag?post=1894"}],"curies":[{"name":"wp","href":"https:\/\/api.w.org\/{rel}","templated":true}]}}