{"id":1844,"date":"2024-05-20T01:02:00","date_gmt":"2024-05-19T23:02:00","guid":{"rendered":"https:\/\/kakimakiti.com\/?post_type=product&#038;p=1844"},"modified":"2024-05-20T01:02:00","modified_gmt":"2024-05-19T23:02:00","slug":"sac-de-sortie-3","status":"publish","type":"product","link":"https:\/\/kakimakiti.com\/index.php\/product\/sac-de-sortie-3\/","title":{"rendered":"Sac de sortie"},"content":{"rendered":"<p style=\"text-align: justify\">D\u00e9couvrez nos sacs de sortie en pagne africain, un m\u00e9lange de tissu rafia et wax. Un parfait m\u00e9lange de tradition et modernit\u00e9. Chaque sac arbore des motifs vibrant et color\u00e9s des pagnes africains rendant chaque pi\u00e8ce unique. Con\u00e7u avec des mat\u00e9riaux de haute qualit\u00e9, il assure une longue dur\u00e9e de vie.<\/p>\n<p style=\"text-align: justify\">Id\u00e9al pour toutes les occasions, le sac dispose d&rsquo;un grand compartiment et d&rsquo;un petit (interne) pour les effets personnels.<\/p>\n<p style=\"text-align: justify\">Optez pour nos sacs et affirmer votre style tout en soutenant l&rsquo;artisanat local.<\/p>\n","protected":false},"excerpt":{"rendered":"<p style=\"text-align: justify\">Sac de sortie en pagne africain confectionn\u00e9 \u00e0 partir de tissus rafia et wax<\/p>\n","protected":false},"featured_media":275,"comment_status":"open","ping_status":"closed","template":"","meta":{"om_disable_all_campaigns":false,"_monsterinsights_skip_tracking":false,"_monsterinsights_sitenote_active":false,"_monsterinsights_sitenote_note":"","_monsterinsights_sitenote_category":0},"product_brand":[],"product_cat":[84],"product_tag":[],"class_list":{"0":"post-1844","1":"product","2":"type-product","3":"status-publish","4":"has-post-thumbnail","6":"product_cat-accessoires","7":"dc_vendor_shop-destinygirlshop","9":"first","10":"instock","11":"taxable","12":"shipping-taxable","13":"purchasable","14":"product-type-simple"},"aioseo_notices":[],"jetpack_sharing_enabled":true,"_links":{"self":[{"href":"https:\/\/kakimakiti.com\/index.php\/wp-json\/wp\/v2\/product\/1844","targetHints":{"allow":["GET"]}}],"collection":[{"href":"https:\/\/kakimakiti.com\/index.php\/wp-json\/wp\/v2\/product"}],"about":[{"href":"https:\/\/kakimakiti.com\/index.php\/wp-json\/wp\/v2\/types\/product"}],"replies":[{"embeddable":true,"href":"https:\/\/kakimakiti.com\/index.php\/wp-json\/wp\/v2\/comments?post=1844"}],"wp:featuredmedia":[{"embeddable":true,"href":"https:\/\/kakimakiti.com\/index.php\/wp-json\/wp\/v2\/media\/275"}],"wp:attachment":[{"href":"https:\/\/kakimakiti.com\/index.php\/wp-json\/wp\/v2\/media?parent=1844"}],"wp:term":[{"taxonomy":"product_brand","embeddable":true,"href":"https:\/\/kakimakiti.com\/index.php\/wp-json\/wp\/v2\/product_brand?post=1844"},{"taxonomy":"product_cat","embeddable":true,"href":"https:\/\/kakimakiti.com\/index.php\/wp-json\/wp\/v2\/product_cat?post=1844"},{"taxonomy":"product_tag","embeddable":true,"href":"https:\/\/kakimakiti.com\/index.php\/wp-json\/wp\/v2\/product_tag?post=1844"}],"curies":[{"name":"wp","href":"https:\/\/api.w.org\/{rel}","templated":true}]}}