{"id":1784,"date":"2024-05-03T17:09:14","date_gmt":"2024-05-03T15:09:14","guid":{"rendered":"https:\/\/kakimakiti.com\/index.php\/product\/robe-elegante-a-encolure-degagee-et-manches-courtes-croisees-lalas-dream\/"},"modified":"2024-05-03T21:31:16","modified_gmt":"2024-05-03T19:31:16","slug":"robe-elegante-a-encolure-degagee-et-manches-courtes-croisees-lalas-dream","status":"publish","type":"product","link":"https:\/\/kakimakiti.com\/index.php\/product\/robe-elegante-a-encolure-degagee-et-manches-courtes-croisees-lalas-dream\/","title":{"rendered":"Robe \u00e9l\u00e9gante \u00e0 encolure d\u00e9gag\u00e9e et manches courtes crois\u00e9es Lala&rsquo;s Dream"},"content":{"rendered":"<ul>\n<li>Mat\u00e9riau en tissu polyester pour la robe de dame de bureau<\/li>\n<li>Robe \u00e0 manches courtes avec impression int\u00e9grale, ajust\u00e9e<\/li>\n<li>Robe crayon \u00e9l\u00e9gante avec style une \u00e9paule \/ \u00e9paule d\u00e9nud\u00e9e<\/li>\n<li>La robe \u00e0 la mode est parfaite pour un rendez-vous, en club, en soir\u00e9e, etc.<\/li>\n<li>Lavable en machine avec de l&rsquo;eau froide en cycle d\u00e9licat et un d\u00e9tergent doux<\/li>\n<\/ul>\n<p><\/p>\n","protected":false},"excerpt":{"rendered":"<p>Mat\u00e9riau en tissu polyester pour la robe de dame de bureau Robe \u00e0 manches courtes avec impression int\u00e9grale, ajust\u00e9e Robe crayon \u00e9l\u00e9gante avec style une \u00e9paule \/ \u00e9paule d\u00e9nud\u00e9e La robe \u00e0 la mode est parfaite pour un rendez-vous, en club, en soir\u00e9e, etc. Lavable en machine avec de l&rsquo;eau froide en cycle d\u00e9licat et [&hellip;]<\/p>\n","protected":false},"featured_media":1783,"comment_status":"open","ping_status":"closed","template":"","meta":{"om_disable_all_campaigns":false,"_monsterinsights_skip_tracking":false,"_monsterinsights_sitenote_active":false,"_monsterinsights_sitenote_note":"","_monsterinsights_sitenote_category":0},"product_brand":[],"product_cat":[121,88,80],"product_tag":[],"class_list":{"0":"post-1784","1":"product","2":"type-product","3":"status-publish","4":"has-post-thumbnail","6":"product_cat-lalas-dream","7":"product_cat-partenaires","8":"product_cat-vetements","9":"dc_vendor_shop-lalasdream","11":"first","12":"outofstock","13":"taxable","14":"shipping-taxable","15":"product-type-variable"},"aioseo_notices":[],"jetpack_sharing_enabled":true,"_links":{"self":[{"href":"https:\/\/kakimakiti.com\/index.php\/wp-json\/wp\/v2\/product\/1784","targetHints":{"allow":["GET"]}}],"collection":[{"href":"https:\/\/kakimakiti.com\/index.php\/wp-json\/wp\/v2\/product"}],"about":[{"href":"https:\/\/kakimakiti.com\/index.php\/wp-json\/wp\/v2\/types\/product"}],"replies":[{"embeddable":true,"href":"https:\/\/kakimakiti.com\/index.php\/wp-json\/wp\/v2\/comments?post=1784"}],"wp:featuredmedia":[{"embeddable":true,"href":"https:\/\/kakimakiti.com\/index.php\/wp-json\/wp\/v2\/media\/1783"}],"wp:attachment":[{"href":"https:\/\/kakimakiti.com\/index.php\/wp-json\/wp\/v2\/media?parent=1784"}],"wp:term":[{"taxonomy":"product_brand","embeddable":true,"href":"https:\/\/kakimakiti.com\/index.php\/wp-json\/wp\/v2\/product_brand?post=1784"},{"taxonomy":"product_cat","embeddable":true,"href":"https:\/\/kakimakiti.com\/index.php\/wp-json\/wp\/v2\/product_cat?post=1784"},{"taxonomy":"product_tag","embeddable":true,"href":"https:\/\/kakimakiti.com\/index.php\/wp-json\/wp\/v2\/product_tag?post=1784"}],"curies":[{"name":"wp","href":"https:\/\/api.w.org\/{rel}","templated":true}]}}