{"id":1722,"date":"2024-05-03T16:36:53","date_gmt":"2024-05-03T14:36:53","guid":{"rendered":"https:\/\/kakimakiti.com\/index.php\/product\/lalas-dream-robe-de-soiree-formelle-a-manches-epaules-2\/"},"modified":"2024-05-03T21:31:16","modified_gmt":"2024-05-03T19:31:16","slug":"lalas-dream-robe-de-soiree-formelle-a-manches-epaules-2","status":"publish","type":"product","link":"https:\/\/kakimakiti.com\/index.php\/product\/lalas-dream-robe-de-soiree-formelle-a-manches-epaules-2\/","title":{"rendered":"Lala&rsquo;s Dream Robe de soir\u00e9e formelle \u00e0 manches \u00e9paules."},"content":{"rendered":"<ul>\n<li>Mat\u00e9riau en tissu polyester pour robe bustier femme<\/li>\n<li>Une robe sexy avec des manches longues et un style \u00e0 bretelles une \u00e9paule<\/li>\n<li>Robe midi mince \u00e0 patchwork de mode pour mieux s&rsquo;adapter au corps<\/li>\n<li>La longueur au-dessus du genou est une robe \u00e9l\u00e9gante pour dame de bureau<\/li>\n<li>Attrayante pour une robe de soir\u00e9e, une robe de bureau, une robe de club<\/li>\n<li>Lavable en machine avec de l&rsquo;eau froide en cycle d\u00e9licat et un d\u00e9tergent doux<\/li>\n<\/ul>\n<p><\/p>\n","protected":false},"excerpt":{"rendered":"<p>Mat\u00e9riau en tissu polyester pour robe bustier femme Une robe sexy avec des manches longues et un style \u00e0 bretelles une \u00e9paule Robe midi mince \u00e0 patchwork de mode pour mieux s&rsquo;adapter au corps La longueur au-dessus du genou est une robe \u00e9l\u00e9gante pour dame de bureau Attrayante pour une robe de soir\u00e9e, une robe [&hellip;]<\/p>\n","protected":false},"featured_media":1721,"comment_status":"open","ping_status":"closed","template":"","meta":{"om_disable_all_campaigns":false,"_monsterinsights_skip_tracking":false,"_monsterinsights_sitenote_active":false,"_monsterinsights_sitenote_note":"","_monsterinsights_sitenote_category":0},"product_brand":[],"product_cat":[121,88,80],"product_tag":[],"class_list":{"0":"post-1722","1":"product","2":"type-product","3":"status-publish","4":"has-post-thumbnail","6":"product_cat-lalas-dream","7":"product_cat-partenaires","8":"product_cat-vetements","9":"dc_vendor_shop-lalasdream","11":"first","12":"instock","13":"taxable","14":"shipping-taxable","15":"purchasable","16":"product-type-variable","17":"has-default-attributes"},"aioseo_notices":[],"jetpack_sharing_enabled":true,"_links":{"self":[{"href":"https:\/\/kakimakiti.com\/index.php\/wp-json\/wp\/v2\/product\/1722","targetHints":{"allow":["GET"]}}],"collection":[{"href":"https:\/\/kakimakiti.com\/index.php\/wp-json\/wp\/v2\/product"}],"about":[{"href":"https:\/\/kakimakiti.com\/index.php\/wp-json\/wp\/v2\/types\/product"}],"replies":[{"embeddable":true,"href":"https:\/\/kakimakiti.com\/index.php\/wp-json\/wp\/v2\/comments?post=1722"}],"wp:featuredmedia":[{"embeddable":true,"href":"https:\/\/kakimakiti.com\/index.php\/wp-json\/wp\/v2\/media\/1721"}],"wp:attachment":[{"href":"https:\/\/kakimakiti.com\/index.php\/wp-json\/wp\/v2\/media?parent=1722"}],"wp:term":[{"taxonomy":"product_brand","embeddable":true,"href":"https:\/\/kakimakiti.com\/index.php\/wp-json\/wp\/v2\/product_brand?post=1722"},{"taxonomy":"product_cat","embeddable":true,"href":"https:\/\/kakimakiti.com\/index.php\/wp-json\/wp\/v2\/product_cat?post=1722"},{"taxonomy":"product_tag","embeddable":true,"href":"https:\/\/kakimakiti.com\/index.php\/wp-json\/wp\/v2\/product_tag?post=1722"}],"curies":[{"name":"wp","href":"https:\/\/api.w.org\/{rel}","templated":true}]}}