{"id":1664,"date":"2024-05-03T13:50:58","date_gmt":"2024-05-03T11:50:58","guid":{"rendered":"https:\/\/kakimakiti.com\/index.php\/product\/lalas-dream-robe-elegante-a-manches-longues-epaules-denudees\/"},"modified":"2025-10-28T21:42:21","modified_gmt":"2025-10-28T20:42:21","slug":"lalas-dream-robe-elegante-a-manches-longues-epaules-denudees","status":"publish","type":"product","link":"https:\/\/kakimakiti.com\/index.php\/product\/lalas-dream-robe-elegante-a-manches-longues-epaules-denudees\/","title":{"rendered":"Lala&rsquo;s Dream Robe \u00e9l\u00e9gante \u00e0 manches longues \u00e9paules d\u00e9nud\u00e9es."},"content":{"rendered":"<ul>\n<li>Robe de dame de bureau en tissu polyester<\/li>\n<li>Robe serr\u00e9e \u00e0 manches longues avec impression int\u00e9grale<\/li>\n<li>Robe crayon \u00e9l\u00e9gante avec style une \u00e9paule \/ \u00e9paule d\u00e9nud\u00e9e<\/li>\n<li>La robe \u00e0 la mode est parfaite pour un rendez-vous, en club, en soir\u00e9e, etc.<\/li>\n<li>Lavable en machine avec de l&rsquo;eau froide en cycle d\u00e9licat et un d\u00e9tergent doux<\/li>\n<\/ul>\n<p><\/p>\n","protected":false},"excerpt":{"rendered":"<p>Robe de dame de bureau en tissu polyester Robe serr\u00e9e \u00e0 manches longues avec impression int\u00e9grale Robe crayon \u00e9l\u00e9gante avec style une \u00e9paule \/ \u00e9paule d\u00e9nud\u00e9e La robe \u00e0 la mode est parfaite pour un rendez-vous, en club, en soir\u00e9e, etc. Lavable en machine avec de l&rsquo;eau froide en cycle d\u00e9licat et un d\u00e9tergent doux<\/p>\n","protected":false},"featured_media":1663,"comment_status":"open","ping_status":"closed","template":"","meta":{"om_disable_all_campaigns":false,"_monsterinsights_skip_tracking":false,"_monsterinsights_sitenote_active":false,"_monsterinsights_sitenote_note":"","_monsterinsights_sitenote_category":0},"product_brand":[],"product_cat":[121,88,80],"product_tag":[],"class_list":{"0":"post-1664","1":"product","2":"type-product","3":"status-publish","4":"has-post-thumbnail","6":"product_cat-lalas-dream","7":"product_cat-partenaires","8":"product_cat-vetements","9":"dc_vendor_shop-lalasdream","11":"first","12":"instock","13":"taxable","14":"shipping-taxable","15":"purchasable","16":"product-type-variable","17":"has-default-attributes"},"aioseo_notices":[],"jetpack_sharing_enabled":true,"_links":{"self":[{"href":"https:\/\/kakimakiti.com\/index.php\/wp-json\/wp\/v2\/product\/1664","targetHints":{"allow":["GET"]}}],"collection":[{"href":"https:\/\/kakimakiti.com\/index.php\/wp-json\/wp\/v2\/product"}],"about":[{"href":"https:\/\/kakimakiti.com\/index.php\/wp-json\/wp\/v2\/types\/product"}],"replies":[{"embeddable":true,"href":"https:\/\/kakimakiti.com\/index.php\/wp-json\/wp\/v2\/comments?post=1664"}],"wp:featuredmedia":[{"embeddable":true,"href":"https:\/\/kakimakiti.com\/index.php\/wp-json\/wp\/v2\/media\/1663"}],"wp:attachment":[{"href":"https:\/\/kakimakiti.com\/index.php\/wp-json\/wp\/v2\/media?parent=1664"}],"wp:term":[{"taxonomy":"product_brand","embeddable":true,"href":"https:\/\/kakimakiti.com\/index.php\/wp-json\/wp\/v2\/product_brand?post=1664"},{"taxonomy":"product_cat","embeddable":true,"href":"https:\/\/kakimakiti.com\/index.php\/wp-json\/wp\/v2\/product_cat?post=1664"},{"taxonomy":"product_tag","embeddable":true,"href":"https:\/\/kakimakiti.com\/index.php\/wp-json\/wp\/v2\/product_tag?post=1664"}],"curies":[{"name":"wp","href":"https:\/\/api.w.org\/{rel}","templated":true}]}}