{"id":1272,"date":"2024-04-14T00:06:25","date_gmt":"2024-04-13T22:06:25","guid":{"rendered":"https:\/\/kakimakiti.com\/index.php\/product\/basket-de-skater-avec-lacets-femme\/"},"modified":"2024-04-14T00:07:54","modified_gmt":"2024-04-13T22:07:54","slug":"basket-de-skater-avec-lacets-femme","status":"publish","type":"product","link":"https:\/\/kakimakiti.com\/index.php\/product\/basket-de-skater-avec-lacets-femme\/","title":{"rendered":"Basket de Skater avec lacets femme"},"content":{"rendered":"<p>Aucune armoire n&rsquo;est compl\u00e8te sans une paire de baskets. Montez en puissance votre gamme de chaussures avec ces tennis en toile avec lacets pour femme et soyez assur\u00e9e que votre tenue sera parfaitement \u00e9l\u00e9gante.<\/p>\n<p> \u2022 Dessus en toile 100\u00a0% polyester<br \/>\n \u2022 Semelle ext\u00e9rieure en caoutchouc \u00e9thyl\u00e8ne-ac\u00e9tate de vinyle (EVA)<br \/>\n \u2022 Doublure respirante<br \/>\n \u2022 Col et languette rembourr\u00e9s<br \/>\n \u2022 Semelle int\u00e9rieure amovible<br \/>\n \u2022 Lacets blancs<br \/>\n \u2022 Produit vierge provenant de Chine<\/p>\n<p>Important : Ce produit est disponible dans les pays suivants : \u00c9tats-Unis, Canada, Australie, Royaume-Uni, Nouvelle-Z\u00e9lande, Japon, Autriche, Andorre, Belgique, Bulgarie, Croatie, R\u00e9publique tch\u00e8que, Danemark, Estonie, Finlande, France, Allemagne, Gr\u00e8ce, Saint-Si\u00e8ge (Cit\u00e9 du Vatican), Hongrie, Irlande, Islande, Italie, Lettonie, Lituanie, Liechtenstein, Luxembourg, Malte, Monaco, Pays-Bas, Norv\u00e8ge, Pologne, Portugal, Saint-Marin, Slovaquie, Slov\u00e9nie, Suisse, Espagne, Su\u00e8de et Turquie. Si votre adresse de livraison se trouve en dehors de ces pays, veuillez choisir un autre produit.<\/p>\n","protected":false},"excerpt":{"rendered":"<p>Aucune armoire n&rsquo;est compl\u00e8te sans une paire de baskets. Montez en puissance votre gamme de chaussures avec ces tennis en toile avec lacets pour femme et soyez assur\u00e9e que votre tenue sera parfaitement \u00e9l\u00e9gante. \u2022 Dessus en toile 100\u00a0% polyester \u2022 Semelle ext\u00e9rieure en caoutchouc \u00e9thyl\u00e8ne-ac\u00e9tate de vinyle (EVA) \u2022 Doublure respirante \u2022 Col et [&hellip;]<\/p>\n","protected":false},"featured_media":1288,"comment_status":"open","ping_status":"closed","template":"","meta":{"om_disable_all_campaigns":false,"_monsterinsights_skip_tracking":false,"_monsterinsights_sitenote_active":false,"_monsterinsights_sitenote_note":"","_monsterinsights_sitenote_category":0},"product_brand":[],"product_cat":[81,85],"product_tag":[],"class_list":{"0":"post-1272","1":"product","2":"type-product","3":"status-publish","4":"has-post-thumbnail","6":"product_cat-chaussures","7":"product_cat-kaki-store","9":"first","10":"instock","11":"taxable","12":"shipping-taxable","13":"purchasable","14":"product-type-variable"},"aioseo_notices":[],"jetpack_sharing_enabled":true,"_links":{"self":[{"href":"https:\/\/kakimakiti.com\/index.php\/wp-json\/wp\/v2\/product\/1272","targetHints":{"allow":["GET"]}}],"collection":[{"href":"https:\/\/kakimakiti.com\/index.php\/wp-json\/wp\/v2\/product"}],"about":[{"href":"https:\/\/kakimakiti.com\/index.php\/wp-json\/wp\/v2\/types\/product"}],"replies":[{"embeddable":true,"href":"https:\/\/kakimakiti.com\/index.php\/wp-json\/wp\/v2\/comments?post=1272"}],"wp:featuredmedia":[{"embeddable":true,"href":"https:\/\/kakimakiti.com\/index.php\/wp-json\/wp\/v2\/media\/1288"}],"wp:attachment":[{"href":"https:\/\/kakimakiti.com\/index.php\/wp-json\/wp\/v2\/media?parent=1272"}],"wp:term":[{"taxonomy":"product_brand","embeddable":true,"href":"https:\/\/kakimakiti.com\/index.php\/wp-json\/wp\/v2\/product_brand?post=1272"},{"taxonomy":"product_cat","embeddable":true,"href":"https:\/\/kakimakiti.com\/index.php\/wp-json\/wp\/v2\/product_cat?post=1272"},{"taxonomy":"product_tag","embeddable":true,"href":"https:\/\/kakimakiti.com\/index.php\/wp-json\/wp\/v2\/product_tag?post=1272"}],"curies":[{"name":"wp","href":"https:\/\/api.w.org\/{rel}","templated":true}]}}