{"id":1221,"date":"2024-04-13T23:05:45","date_gmt":"2024-04-13T21:05:45","guid":{"rendered":"https:\/\/kakimakiti.com\/index.php\/product\/basket-de-skater-sans-lacets-femme\/"},"modified":"2024-04-13T23:06:56","modified_gmt":"2024-04-13T21:06:56","slug":"basket-de-skater-sans-lacets-femme","status":"publish","type":"product","link":"https:\/\/kakimakiti.com\/index.php\/product\/basket-de-skater-sans-lacets-femme\/","title":{"rendered":"Basket de skater sans lacets femme"},"content":{"rendered":"<p>Fabriqu\u00e9es pour le confort et la facilit\u00e9, ces tennis en toile sans lacets pour femme sont \u00e9l\u00e9gantes et la pi\u00e8ce id\u00e9ale pour compl\u00e9ter une tenue. \u00c9quip\u00e9es de semelles int\u00e9rieures douces et amovibles et de semelles ext\u00e9rieures en caoutchouc, il est \u00e9galement facile de les ajuster pour vous.<\/p>\n<p> \u2022 Dessus en toile 100\u00a0% polyester<br \/>\n \u2022 Semelle ext\u00e9rieure en caoutchouc \u00e9thyl\u00e8ne-ac\u00e9tate de vinyle (EVA)<br \/>\n \u2022 Votre marque sur la bo\u00eete, la semelle int\u00e9rieure et la languette de la chaussure<br \/>\n \u2022 Doublure respirante, semelle int\u00e9rieure souple<br \/>\n \u2022 Accents lat\u00e9raux \u00e9lastiqu\u00e9s<br \/>\n \u2022 Col et languette rembourr\u00e9s<br \/>\n \u2022 Imprim\u00e9es, coup\u00e9es et fabriqu\u00e9es \u00e0 la main<br \/>\n \u2022  Produit vierge provenant de Chine<\/p>\n<p>Important : Ce produit est disponible dans les pays suivants : \u00c9tats-Unis, Canada, Australie, Royaume-Uni, Nouvelle-Z\u00e9lande, Japon, Autriche, Andorre, Belgique, Bulgarie, Croatie, R\u00e9publique tch\u00e8que, Danemark, Estonie, Finlande, France, Allemagne, Gr\u00e8ce, Saint-Si\u00e8ge (Cit\u00e9 du Vatican), Hongrie, Irlande, Islande, Italie, Lettonie, Lituanie, Liechtenstein, Luxembourg, Malte, Monaco, Pays-Bas, Norv\u00e8ge, Pologne, Portugal, Saint-Marin, Slovaquie, Slov\u00e9nie, Suisse, Espagne, Su\u00e8de et Turquie. Si votre adresse de livraison se trouve en dehors de ces pays, veuillez choisir un autre produit.<\/p>\n","protected":false},"excerpt":{"rendered":"<p>Fabriqu\u00e9es pour le confort et la facilit\u00e9, ces tennis en toile sans lacets pour femme sont \u00e9l\u00e9gantes et la pi\u00e8ce id\u00e9ale pour compl\u00e9ter une tenue. \u00c9quip\u00e9es de semelles int\u00e9rieures douces et amovibles et de semelles ext\u00e9rieures en caoutchouc, il est \u00e9galement facile de les ajuster pour vous. \u2022 Dessus en toile 100\u00a0% polyester \u2022 Semelle [&hellip;]<\/p>\n","protected":false},"featured_media":1237,"comment_status":"open","ping_status":"closed","template":"","meta":{"om_disable_all_campaigns":false,"_monsterinsights_skip_tracking":false,"_monsterinsights_sitenote_active":false,"_monsterinsights_sitenote_note":"","_monsterinsights_sitenote_category":0},"product_brand":[],"product_cat":[81,85],"product_tag":[],"class_list":{"0":"post-1221","1":"product","2":"type-product","3":"status-publish","4":"has-post-thumbnail","6":"product_cat-chaussures","7":"product_cat-kaki-store","9":"first","10":"instock","11":"taxable","12":"shipping-taxable","13":"purchasable","14":"product-type-variable"},"aioseo_notices":[],"jetpack_sharing_enabled":true,"_links":{"self":[{"href":"https:\/\/kakimakiti.com\/index.php\/wp-json\/wp\/v2\/product\/1221","targetHints":{"allow":["GET"]}}],"collection":[{"href":"https:\/\/kakimakiti.com\/index.php\/wp-json\/wp\/v2\/product"}],"about":[{"href":"https:\/\/kakimakiti.com\/index.php\/wp-json\/wp\/v2\/types\/product"}],"replies":[{"embeddable":true,"href":"https:\/\/kakimakiti.com\/index.php\/wp-json\/wp\/v2\/comments?post=1221"}],"wp:featuredmedia":[{"embeddable":true,"href":"https:\/\/kakimakiti.com\/index.php\/wp-json\/wp\/v2\/media\/1237"}],"wp:attachment":[{"href":"https:\/\/kakimakiti.com\/index.php\/wp-json\/wp\/v2\/media?parent=1221"}],"wp:term":[{"taxonomy":"product_brand","embeddable":true,"href":"https:\/\/kakimakiti.com\/index.php\/wp-json\/wp\/v2\/product_brand?post=1221"},{"taxonomy":"product_cat","embeddable":true,"href":"https:\/\/kakimakiti.com\/index.php\/wp-json\/wp\/v2\/product_cat?post=1221"},{"taxonomy":"product_tag","embeddable":true,"href":"https:\/\/kakimakiti.com\/index.php\/wp-json\/wp\/v2\/product_tag?post=1221"}],"curies":[{"name":"wp","href":"https:\/\/api.w.org\/{rel}","templated":true}]}}