{"id":1194,"date":"2024-04-13T22:09:30","date_gmt":"2024-04-13T20:09:30","guid":{"rendered":"https:\/\/kakimakiti.com\/index.php\/product\/chaussures-de-sport-pour-homme\/"},"modified":"2025-10-28T21:42:21","modified_gmt":"2025-10-28T20:42:21","slug":"chaussures-de-sport-pour-homme","status":"publish","type":"product","link":"https:\/\/kakimakiti.com\/index.php\/product\/chaussures-de-sport-pour-homme\/","title":{"rendered":"Chaussures de sport pour homme"},"content":{"rendered":"<p>Restez actif toute la semaine avec ces chaussures de sport au design unique. Elles disposent d&rsquo;un int\u00e9rieur doux et rembourr\u00e9 pour un confort maximum et d&rsquo;une semelle ext\u00e9rieure en caoutchouc pour la stabilit\u00e9.<\/p>\n<p>\u2022 100\u00a0%\u00a0polyester flyknit ultral\u00e9ger<br \/>\n\u2022 Semelle ext\u00e9rieure en caoutchouc \u00e9thyl\u00e8ne-ac\u00e9tate de vinyle (EVA)<br \/>\n\u2022 Doublure respirante<br \/>\n\u2022 Semelle int\u00e9rieure souple et col rembourr\u00e9<br \/>\n\u2022 Lacets frontaux<br \/>\n\u2022 Produit vierge provenant de Chine<\/p>\n<p>Remarque : Il faut s&rsquo;attendre \u00e0 une forte odeur de colle \u00e0 la r\u00e9ception du produit. Laissez les chaussures s&rsquo;a\u00e9rer pendant quelques jours et l&rsquo;odeur dispara\u00eetra.<\/p>\n","protected":false},"excerpt":{"rendered":"<p>Restez actif toute la semaine avec ces chaussures de sport au design unique. Elles disposent d&rsquo;un int\u00e9rieur doux et rembourr\u00e9 pour un confort maximum et d&rsquo;une semelle ext\u00e9rieure en caoutchouc pour la stabilit\u00e9. \u2022 100\u00a0%\u00a0polyester flyknit ultral\u00e9ger \u2022 Semelle ext\u00e9rieure en caoutchouc \u00e9thyl\u00e8ne-ac\u00e9tate de vinyle (EVA) \u2022 Doublure respirante \u2022 Semelle int\u00e9rieure souple et col [&hellip;]<\/p>\n","protected":false},"featured_media":1212,"comment_status":"open","ping_status":"closed","template":"","meta":{"om_disable_all_campaigns":false,"_monsterinsights_skip_tracking":false,"_monsterinsights_sitenote_active":false,"_monsterinsights_sitenote_note":"","_monsterinsights_sitenote_category":0},"product_brand":[],"product_cat":[81,85],"product_tag":[],"class_list":{"0":"post-1194","1":"product","2":"type-product","3":"status-publish","4":"has-post-thumbnail","6":"product_cat-chaussures","7":"product_cat-kaki-store","9":"first","10":"instock","11":"taxable","12":"shipping-taxable","13":"purchasable","14":"product-type-variable"},"aioseo_notices":[],"jetpack_sharing_enabled":true,"_links":{"self":[{"href":"https:\/\/kakimakiti.com\/index.php\/wp-json\/wp\/v2\/product\/1194","targetHints":{"allow":["GET"]}}],"collection":[{"href":"https:\/\/kakimakiti.com\/index.php\/wp-json\/wp\/v2\/product"}],"about":[{"href":"https:\/\/kakimakiti.com\/index.php\/wp-json\/wp\/v2\/types\/product"}],"replies":[{"embeddable":true,"href":"https:\/\/kakimakiti.com\/index.php\/wp-json\/wp\/v2\/comments?post=1194"}],"wp:featuredmedia":[{"embeddable":true,"href":"https:\/\/kakimakiti.com\/index.php\/wp-json\/wp\/v2\/media\/1212"}],"wp:attachment":[{"href":"https:\/\/kakimakiti.com\/index.php\/wp-json\/wp\/v2\/media?parent=1194"}],"wp:term":[{"taxonomy":"product_brand","embeddable":true,"href":"https:\/\/kakimakiti.com\/index.php\/wp-json\/wp\/v2\/product_brand?post=1194"},{"taxonomy":"product_cat","embeddable":true,"href":"https:\/\/kakimakiti.com\/index.php\/wp-json\/wp\/v2\/product_cat?post=1194"},{"taxonomy":"product_tag","embeddable":true,"href":"https:\/\/kakimakiti.com\/index.php\/wp-json\/wp\/v2\/product_tag?post=1194"}],"curies":[{"name":"wp","href":"https:\/\/api.w.org\/{rel}","templated":true}]}}