{"id":1152,"date":"2024-04-13T20:41:56","date_gmt":"2024-04-13T18:41:56","guid":{"rendered":"https:\/\/kakimakiti.com\/index.php\/product\/kaki-slides-pour-homme\/"},"modified":"2024-04-13T20:43:06","modified_gmt":"2024-04-13T18:43:06","slug":"kaki-slides-pour-homme","status":"publish","type":"product","link":"https:\/\/kakimakiti.com\/index.php\/product\/kaki-slides-pour-homme\/","title":{"rendered":"Kaki Slides pour homme"},"content":{"rendered":"<p>Qu&rsquo;est-ce qu&rsquo;un \u00e9t\u00e9 sans chaussures confortables et ouvertes\u00a0? Choisissez ces claquettes homme pour compl\u00e9ter vos tenues estivales. La sangle sup\u00e9rieure rembourr\u00e9e et la semelle textur\u00e9e font de ces claquettes un excellent choix pour les activit\u00e9s de la saison.<\/p>\n<p>\u2022 Sangle sup\u00e9rieure en faux cuir rembourr\u00e9<br \/>\n\u2022 Semelle ext\u00e9rieure l\u00e9g\u00e8re en polyur\u00e9thane (PU)<br \/>\n\u2022 Semelle avec contour et textur\u00e9e<br \/>\n\u2022 Surpiq\u00fbres sur le p\u00e9rim\u00e8tre de la tige pour une durabilit\u00e9 accrue<br \/>\n\u2022 Nettoyage \u00e0 la main uniquement<br \/>\n\u2022 Imprim\u00e9es, coup\u00e9es et fabriqu\u00e9es \u00e0 la main<br \/>\n\u2022 Produit vierge provenant de Chine<\/p>\n<p>Important\u00a0: ce produit est disponible dans les pays suivants\u00a0:\u00a0\u00c9tats-Unis, Canada, Australie, Royaume-Uni, Nouvelle-Z\u00e9lande, Japon, Autriche, Andorre, Belgique, Bulgarie, Croatie, R\u00e9publique tch\u00e8que, Danemark, Estonie, Finlande, France, Allemagne, Gr\u00e8ce, Saint-Si\u00e8ge (Cit\u00e9 du Vatican), Hongrie, Islande, Irlande, Italie, Lettonie, Lituanie, Liechtenstein, Luxembourg, Malte, Monaco, Norv\u00e8ge, Pays-Bas, Pologne, Portugal, Saint-Marin, Slovaquie, Slov\u00e9nie, Suisse, Espagne, Su\u00e8de, Turquie. Si votre adresse de livraison se trouve en-dehors de ces pays, veuillez choisir un produit diff\u00e9rent.<\/p>\n<p>Avertissement\u00a0: les chaussures auront une odeur de type colle lors de l&rsquo;ouverture de la bo\u00eete. L&rsquo;odeur dispara\u00eetra quelques jours apr\u00e8s avoir d\u00e9ball\u00e9 les chaussures.<\/p>\n","protected":false},"excerpt":{"rendered":"<p>Qu&rsquo;est-ce qu&rsquo;un \u00e9t\u00e9 sans chaussures confortables et ouvertes\u00a0? Choisissez ces claquettes homme pour compl\u00e9ter vos tenues estivales. La sangle sup\u00e9rieure rembourr\u00e9e et la semelle textur\u00e9e font de ces claquettes un excellent choix pour les activit\u00e9s de la saison. \u2022 Sangle sup\u00e9rieure en faux cuir rembourr\u00e9 \u2022 Semelle ext\u00e9rieure l\u00e9g\u00e8re en polyur\u00e9thane (PU) \u2022 Semelle avec [&hellip;]<\/p>\n","protected":false},"featured_media":1163,"comment_status":"open","ping_status":"closed","template":"","meta":{"om_disable_all_campaigns":false,"_monsterinsights_skip_tracking":false,"_monsterinsights_sitenote_active":false,"_monsterinsights_sitenote_note":"","_monsterinsights_sitenote_category":0},"product_brand":[],"product_cat":[81,85],"product_tag":[],"class_list":{"0":"post-1152","1":"product","2":"type-product","3":"status-publish","4":"has-post-thumbnail","6":"product_cat-chaussures","7":"product_cat-kaki-store","9":"first","10":"instock","11":"taxable","12":"shipping-taxable","13":"purchasable","14":"product-type-variable"},"aioseo_notices":[],"jetpack_sharing_enabled":true,"_links":{"self":[{"href":"https:\/\/kakimakiti.com\/index.php\/wp-json\/wp\/v2\/product\/1152","targetHints":{"allow":["GET"]}}],"collection":[{"href":"https:\/\/kakimakiti.com\/index.php\/wp-json\/wp\/v2\/product"}],"about":[{"href":"https:\/\/kakimakiti.com\/index.php\/wp-json\/wp\/v2\/types\/product"}],"replies":[{"embeddable":true,"href":"https:\/\/kakimakiti.com\/index.php\/wp-json\/wp\/v2\/comments?post=1152"}],"wp:featuredmedia":[{"embeddable":true,"href":"https:\/\/kakimakiti.com\/index.php\/wp-json\/wp\/v2\/media\/1163"}],"wp:attachment":[{"href":"https:\/\/kakimakiti.com\/index.php\/wp-json\/wp\/v2\/media?parent=1152"}],"wp:term":[{"taxonomy":"product_brand","embeddable":true,"href":"https:\/\/kakimakiti.com\/index.php\/wp-json\/wp\/v2\/product_brand?post=1152"},{"taxonomy":"product_cat","embeddable":true,"href":"https:\/\/kakimakiti.com\/index.php\/wp-json\/wp\/v2\/product_cat?post=1152"},{"taxonomy":"product_tag","embeddable":true,"href":"https:\/\/kakimakiti.com\/index.php\/wp-json\/wp\/v2\/product_tag?post=1152"}],"curies":[{"name":"wp","href":"https:\/\/api.w.org\/{rel}","templated":true}]}}