{"id":1056,"date":"2024-04-02T23:27:04","date_gmt":"2024-04-02T21:27:04","guid":{"rendered":"https:\/\/kakimakiti.com\/index.php\/product\/voyage\/"},"modified":"2024-04-04T23:59:43","modified_gmt":"2024-04-04T21:59:43","slug":"voyage","status":"publish","type":"product","link":"https:\/\/kakimakiti.com\/index.php\/product\/voyage\/","title":{"rendered":"Voyage"},"content":{"rendered":"<p>Vous cherchez \u00e0 donner un peu de style \u00e0 votre s\u00e9jour, votre chambre ou votre bureau\u00a0? Ne cherchez pas plus loin !<\/p>\n","protected":false},"excerpt":{"rendered":"<p>Vous cherchez \u00e0 donner un peu de style \u00e0 votre s\u00e9jour, votre chambre ou votre bureau\u00a0? Ne cherchez pas plus loin !<\/p>\n","protected":false},"featured_media":1059,"comment_status":"open","ping_status":"closed","template":"","meta":{"om_disable_all_campaigns":false,"_monsterinsights_skip_tracking":false,"_monsterinsights_sitenote_active":false,"_monsterinsights_sitenote_note":"","_monsterinsights_sitenote_category":0},"product_brand":[],"product_cat":[130,88,132],"product_tag":[],"class_list":{"0":"post-1056","1":"product","2":"type-product","3":"status-publish","4":"has-post-thumbnail","6":"product_cat-decoration-home","7":"product_cat-partenaires","8":"product_cat-salma","9":"dc_vendor_shop-salmahachhouch","11":"first","12":"instock","13":"taxable","14":"shipping-taxable","15":"purchasable","16":"product-type-variable"},"aioseo_notices":[],"jetpack_sharing_enabled":true,"_links":{"self":[{"href":"https:\/\/kakimakiti.com\/index.php\/wp-json\/wp\/v2\/product\/1056","targetHints":{"allow":["GET"]}}],"collection":[{"href":"https:\/\/kakimakiti.com\/index.php\/wp-json\/wp\/v2\/product"}],"about":[{"href":"https:\/\/kakimakiti.com\/index.php\/wp-json\/wp\/v2\/types\/product"}],"replies":[{"embeddable":true,"href":"https:\/\/kakimakiti.com\/index.php\/wp-json\/wp\/v2\/comments?post=1056"}],"wp:featuredmedia":[{"embeddable":true,"href":"https:\/\/kakimakiti.com\/index.php\/wp-json\/wp\/v2\/media\/1059"}],"wp:attachment":[{"href":"https:\/\/kakimakiti.com\/index.php\/wp-json\/wp\/v2\/media?parent=1056"}],"wp:term":[{"taxonomy":"product_brand","embeddable":true,"href":"https:\/\/kakimakiti.com\/index.php\/wp-json\/wp\/v2\/product_brand?post=1056"},{"taxonomy":"product_cat","embeddable":true,"href":"https:\/\/kakimakiti.com\/index.php\/wp-json\/wp\/v2\/product_cat?post=1056"},{"taxonomy":"product_tag","embeddable":true,"href":"https:\/\/kakimakiti.com\/index.php\/wp-json\/wp\/v2\/product_tag?post=1056"}],"curies":[{"name":"wp","href":"https:\/\/api.w.org\/{rel}","templated":true}]}}