{"id":1046,"date":"2024-04-02T22:52:39","date_gmt":"2024-04-02T20:52:39","guid":{"rendered":"https:\/\/kakimakiti.com\/index.php\/product\/elle\/"},"modified":"2025-10-28T21:42:22","modified_gmt":"2025-10-28T20:42:22","slug":"elle","status":"publish","type":"product","link":"https:\/\/kakimakiti.com\/index.php\/product\/elle\/","title":{"rendered":"Elle"},"content":{"rendered":"<p>Vous cherchez \u00e0 donner un peu de style \u00e0 votre s\u00e9jour, votre chambre ou votre bureau\u00a0? Ne cherchez pas plus loin\u00a0: cette impression sur toile offre un imprim\u00e9 lumineux et r\u00e9sistant \u00e0 la d\u00e9coloration que vous allez adorer.<\/p>\n<p>\u2022 Base en poly-coton, sans acide et au PH neutre<br \/>\n\u2022 Toile en m\u00e9lange poly-coton d&rsquo;une \u00e9paisseur de 0,5 mm (20,5 mil)<br \/>\n\u2022 Poids du tissu de la toile : 470 g\/m\u00b2 (13,9 oz\/yd\u00b2)<br \/>\n\u2022 R\u00e9sistant \u00e0 la d\u00e9coloration<br \/>\n\u2022 Etir\u00e9 \u00e0 la main sur des barres d&rsquo;\u00e9tirage en bois massif<br \/>\n\u2022 Rev\u00eatement de finition mat<br \/>\n\u2022 3,81 cm (1,5 \u2033) de profondeur<br \/>\n\u2022 Supports de montage inclus<br \/>\n\u2022 Produit vierge dans l&rsquo;UE provenant de la Lettonie<br \/>\n\u2022 Produit vierge aux \u00c9tats-Unis provenant des \u00c9tats-Unis<\/p>\n","protected":false},"excerpt":{"rendered":"<p>Vous cherchez \u00e0 donner un peu de style \u00e0 votre s\u00e9jour, votre chambre ou votre bureau\u00a0? Ne cherchez pas plus loin\u00a0: cette impression sur toile offre un imprim\u00e9 lumineux et r\u00e9sistant \u00e0 la d\u00e9coloration que vous allez adorer. \u2022 Base en poly-coton, sans acide et au PH neutre \u2022 Toile en m\u00e9lange poly-coton d&rsquo;une \u00e9paisseur [&hellip;]<\/p>\n","protected":false},"featured_media":1049,"comment_status":"open","ping_status":"closed","template":"","meta":{"om_disable_all_campaigns":false,"_monsterinsights_skip_tracking":false,"_monsterinsights_sitenote_active":false,"_monsterinsights_sitenote_note":"","_monsterinsights_sitenote_category":0},"product_brand":[],"product_cat":[130,88,132],"product_tag":[],"class_list":{"0":"post-1046","1":"product","2":"type-product","3":"status-publish","4":"has-post-thumbnail","6":"product_cat-decoration-home","7":"product_cat-partenaires","8":"product_cat-salma","9":"dc_vendor_shop-salmahachhouch","11":"first","12":"instock","13":"taxable","14":"shipping-taxable","15":"purchasable","16":"product-type-variable"},"aioseo_notices":[],"jetpack_sharing_enabled":true,"_links":{"self":[{"href":"https:\/\/kakimakiti.com\/index.php\/wp-json\/wp\/v2\/product\/1046","targetHints":{"allow":["GET"]}}],"collection":[{"href":"https:\/\/kakimakiti.com\/index.php\/wp-json\/wp\/v2\/product"}],"about":[{"href":"https:\/\/kakimakiti.com\/index.php\/wp-json\/wp\/v2\/types\/product"}],"replies":[{"embeddable":true,"href":"https:\/\/kakimakiti.com\/index.php\/wp-json\/wp\/v2\/comments?post=1046"}],"wp:featuredmedia":[{"embeddable":true,"href":"https:\/\/kakimakiti.com\/index.php\/wp-json\/wp\/v2\/media\/1049"}],"wp:attachment":[{"href":"https:\/\/kakimakiti.com\/index.php\/wp-json\/wp\/v2\/media?parent=1046"}],"wp:term":[{"taxonomy":"product_brand","embeddable":true,"href":"https:\/\/kakimakiti.com\/index.php\/wp-json\/wp\/v2\/product_brand?post=1046"},{"taxonomy":"product_cat","embeddable":true,"href":"https:\/\/kakimakiti.com\/index.php\/wp-json\/wp\/v2\/product_cat?post=1046"},{"taxonomy":"product_tag","embeddable":true,"href":"https:\/\/kakimakiti.com\/index.php\/wp-json\/wp\/v2\/product_tag?post=1046"}],"curies":[{"name":"wp","href":"https:\/\/api.w.org\/{rel}","templated":true}]}}