{"id":100,"date":"2024-02-17T21:23:08","date_gmt":"2024-02-17T20:23:08","guid":{"rendered":"https:\/\/kakimakiti.com\/index.php\/product\/coupe-vent-unisexe\/"},"modified":"2024-04-10T04:18:53","modified_gmt":"2024-04-10T02:18:53","slug":"coupe-vent-unisexe","status":"publish","type":"product","link":"https:\/\/kakimakiti.com\/index.php\/product\/coupe-vent-unisexe\/","title":{"rendered":"Coupe-vent unisexe"},"content":{"rendered":"<p>Que vous fassiez de la randonn\u00e9e, du camping ou simplement des courses, ce coupe-vent d\u00e9contract\u00e9 et sportif vous prot\u00e8gera. Il est tr\u00e8s l\u00e9ger, durable et d\u00e9perlant. Ce coupe-vent unisexe est dot\u00e9 d&rsquo;une fermeture \u00e0 glissi\u00e8re et de poignets \u00e9lastiques pour offrir un ajustement \u00e9troit et un port confortable. Il dispose \u00e9galement de deux poches \u00e0 glissi\u00e8re dans lesquelles ranger vos articles essentiels en d\u00e9placement. Ce coupe-vent classique vous offrira \u00e9l\u00e9gance et protection dans toutes vos aventures.<\/p>\n<p>\u2022 100\u00a0% polyamide<br \/>\n\u2022 Poids du tissu\u00a0:\u00a0202\u00a0g\/m\u00b2 (7,13\u00a0oz\/yd\u00b2)<br \/>\n\u2022 Coupe droite<br \/>\n\u2022 Capuche avec cordon de serrage, fermeture \u00e0 glissi\u00e8re, poignets et ourlet \u00e9lastiques<br \/>\n\u2022 2\u00a0poches \u00e0 glissi\u00e8re<br \/>\n\u2022 Le tissu de ce produit est certifi\u00e9 OEKO-TEX Standard\u00a0100 et est approuv\u00e9 v\u00e9gane par PETA<\/p>\n<p>\u2022 Tra\u00e7abilit\u00e9\u00a0: <br \/>\n&#8211; Tricotage\u00a0: Chine <br \/>\n&#8211; Teinture\u00a0: Chine <br \/>\n&#8211; Fabrication\u00a0: Lettonie <br \/>\n\u2022 Comprend 95\u00a0% de polyester recycl\u00e9 <br \/>\n\u2022 Comprend 0\u00a0% de substances dangereuses <br \/>\n\u2022 Cet article lib\u00e8re des microfibres en plastique dans l&rsquo;environnement pendant le lavage<\/p>\n","protected":false},"excerpt":{"rendered":"<p>Que vous fassiez de la randonn\u00e9e, du camping ou simplement des courses, ce coupe-vent d\u00e9contract\u00e9 et sportif vous prot\u00e8gera. Il est tr\u00e8s l\u00e9ger, durable et d\u00e9perlant. Ce coupe-vent unisexe est dot\u00e9 d&rsquo;une fermeture \u00e0 glissi\u00e8re et de poignets \u00e9lastiques pour offrir un ajustement \u00e9troit et un port confortable. Il dispose \u00e9galement de deux poches \u00e0 [&hellip;]<\/p>\n","protected":false},"featured_media":112,"comment_status":"open","ping_status":"closed","template":"","meta":{"om_disable_all_campaigns":false,"_monsterinsights_skip_tracking":false,"_monsterinsights_sitenote_active":false,"_monsterinsights_sitenote_note":"","_monsterinsights_sitenote_category":0},"product_brand":[],"product_cat":[85,80],"product_tag":[],"class_list":{"0":"post-100","1":"product","2":"type-product","3":"status-publish","4":"has-post-thumbnail","6":"product_cat-kaki-store","7":"product_cat-vetements","9":"first","10":"instock","11":"taxable","12":"shipping-taxable","13":"purchasable","14":"product-type-variable"},"aioseo_notices":[],"jetpack_sharing_enabled":true,"_links":{"self":[{"href":"https:\/\/kakimakiti.com\/index.php\/wp-json\/wp\/v2\/product\/100","targetHints":{"allow":["GET"]}}],"collection":[{"href":"https:\/\/kakimakiti.com\/index.php\/wp-json\/wp\/v2\/product"}],"about":[{"href":"https:\/\/kakimakiti.com\/index.php\/wp-json\/wp\/v2\/types\/product"}],"replies":[{"embeddable":true,"href":"https:\/\/kakimakiti.com\/index.php\/wp-json\/wp\/v2\/comments?post=100"}],"wp:featuredmedia":[{"embeddable":true,"href":"https:\/\/kakimakiti.com\/index.php\/wp-json\/wp\/v2\/media\/112"}],"wp:attachment":[{"href":"https:\/\/kakimakiti.com\/index.php\/wp-json\/wp\/v2\/media?parent=100"}],"wp:term":[{"taxonomy":"product_brand","embeddable":true,"href":"https:\/\/kakimakiti.com\/index.php\/wp-json\/wp\/v2\/product_brand?post=100"},{"taxonomy":"product_cat","embeddable":true,"href":"https:\/\/kakimakiti.com\/index.php\/wp-json\/wp\/v2\/product_cat?post=100"},{"taxonomy":"product_tag","embeddable":true,"href":"https:\/\/kakimakiti.com\/index.php\/wp-json\/wp\/v2\/product_tag?post=100"}],"curies":[{"name":"wp","href":"https:\/\/api.w.org\/{rel}","templated":true}]}}