{"id":6,"date":"2024-02-06T23:19:44","date_gmt":"2024-02-06T22:19:44","guid":{"rendered":"http:\/\/kakimakiti.com\/index.php\/shop\/"},"modified":"2025-10-09T01:13:55","modified_gmt":"2025-10-08T23:13:55","slug":"makiti","status":"publish","type":"page","link":"https:\/\/kakimakiti.com\/index.php\/makiti\/","title":{"rendered":"Makiti"},"content":{"rendered":"\n<h3 class=\"wp-block-heading has-text-align-center\">Bienvenue sur le&nbsp;Marketplace&nbsp;consacr\u00e9 aux produits que vous proposent nos partenaires. <br> <\/h3>\n\n\n<div data-block-name=\"woocommerce\/product-categories\" data-is-dropdown=\"true\" class=\"wp-block-woocommerce-product-categories wc-block-product-categories is-dropdown \" style=\"\">\n\t\t\t<div class=\"wc-block-product-categories__dropdown\">\n\t\t\t\t<label\n\t\t\t\tclass=\"screen-reader-text\"\n\t\t\t\t\tfor=\"product-categories-69d271bb51af0-select\"\n\t\t\t\t>\n\t\t\t\t\tS\u00e9lectionner une cat\u00e9gorie\n\t\t\t\t<\/label>\n\t\t\t\t<select aria-label=\"Liste des cat\u00e9gories avec le nombre de produits\" id=\"product-categories-69d271bb51af0-select\">\n\t\t\t\t\t<option value=\"false\" hidden>\n\t\t\t\t\t\tS\u00e9lectionner une cat\u00e9gorie\n\t\t\t\t\t<\/option>\n\t\t\t\t\t\n\t\t\t\t<option value=\"https:\/\/kakimakiti.com\/index.php\/product-category\/uncategorized\/\">\n\t\t\t\t\t\n\t\t\t\t\tUncategorized\n\t\t\t\t\t(3)\n\t\t\t\t<\/option>\n\t\t\t\t\n\t\t\t\n\t\t\t\t<option value=\"https:\/\/kakimakiti.com\/index.php\/product-category\/accessoires\/\">\n\t\t\t\t\t\n\t\t\t\t\tAccessoires\n\t\t\t\t\t(62)\n\t\t\t\t<\/option>\n\t\t\t\t\n\t\t\t\n\t\t\t\t<option value=\"https:\/\/kakimakiti.com\/index.php\/product-category\/aliments-herbes-et-epices\/\">\n\t\t\t\t\t\n\t\t\t\t\tAliments, Herbes et \u00e9pices\n\t\t\t\t\t(56)\n\t\t\t\t<\/option>\n\t\t\t\t\n\t\t\t\n\t\t\t\t<option value=\"https:\/\/kakimakiti.com\/index.php\/product-category\/appareils-electroniques\/\">\n\t\t\t\t\t\n\t\t\t\t\tAppareils \u00e9lectroniques\n\t\t\t\t\t(3)\n\t\t\t\t<\/option>\n\t\t\t\t\n\t\t\t\n\t\t\t\t<option value=\"https:\/\/kakimakiti.com\/index.php\/product-category\/artisanat-traditionnel\/\">\n\t\t\t\t\t\n\t\t\t\t\tArtisanat traditionnel\n\t\t\t\t\t(36)\n\t\t\t\t<\/option>\n\t\t\t\t\n\t\t\t\n\t\t\t\t<option value=\"https:\/\/kakimakiti.com\/index.php\/product-category\/best-deal\/\">\n\t\t\t\t\t\n\t\t\t\t\tBest Deal\n\t\t\t\t\t(1)\n\t\t\t\t<\/option>\n\t\t\t\t\n\t\t\t\n\t\t\t\t<option value=\"https:\/\/kakimakiti.com\/index.php\/product-category\/blacktulip\/\">\n\t\t\t\t\t\n\t\t\t\t\tBlacktulip\n\t\t\t\t\t(27)\n\t\t\t\t<\/option>\n\t\t\t\t\n\t\t\t\n\t\t\t\t<option value=\"https:\/\/kakimakiti.com\/index.php\/product-category\/chaussures\/\">\n\t\t\t\t\t\n\t\t\t\t\tChaussures\n\t\t\t\t\t(9)\n\t\t\t\t<\/option>\n\t\t\t\t\n\t\t\t\n\t\t\t\t<option value=\"https:\/\/kakimakiti.com\/index.php\/product-category\/decoration-home\/\">\n\t\t\t\t\t\n\t\t\t\t\tD\u00e9coration\/Home\n\t\t\t\t\t(34)\n\t\t\t\t<\/option>\n\t\t\t\t\n\t\t\t\n\t\t\t\t<option value=\"https:\/\/kakimakiti.com\/index.php\/product-category\/dgs\/\">\n\t\t\t\t\t\n\t\t\t\t\tDGS\n\t\t\t\t\t(22)\n\t\t\t\t<\/option>\n\t\t\t\t\n\t\t\t\n\t\t\t\t<option value=\"https:\/\/kakimakiti.com\/index.php\/product-category\/dgs-boutique-africaine\/\">\n\t\t\t\t\t\n\t\t\t\t\tDGS (Boutique Africaine)\n\t\t\t\t\t(12)\n\t\t\t\t<\/option>\n\t\t\t\t\n\t\t\t\n\t\t\t\t<option value=\"https:\/\/kakimakiti.com\/index.php\/product-category\/kaki-store\/\">\n\t\t\t\t\t\n\t\t\t\t\tKaki Store\n\t\t\t\t\t(32)\n\t\t\t\t<\/option>\n\t\t\t\t\n\t\t\t\n\t\t\t\t<option value=\"https:\/\/kakimakiti.com\/index.php\/product-category\/lalas-dream\/\">\n\t\t\t\t\t\n\t\t\t\t\tLala&#039;s Dream\n\t\t\t\t\t(9)\n\t\t\t\t<\/option>\n\t\t\t\t\n\t\t\t\n\t\t\t\t<option value=\"https:\/\/kakimakiti.com\/index.php\/product-category\/marfi-creation\/\">\n\t\t\t\t\t\n\t\t\t\t\tMarfi Creation\n\t\t\t\t\t(7)\n\t\t\t\t<\/option>\n\t\t\t\t\n\t\t\t\n\t\t\t\t<option value=\"https:\/\/kakimakiti.com\/index.php\/product-category\/mmk\/\">\n\t\t\t\t\t\n\t\t\t\t\tMMK\n\t\t\t\t\t(5)\n\t\t\t\t<\/option>\n\t\t\t\t\n\t\t\t\n\t\t\t\t<option value=\"https:\/\/kakimakiti.com\/index.php\/product-category\/partenaires\/\">\n\t\t\t\t\t\n\t\t\t\t\tPartenaires\n\t\t\t\t\t(98)\n\t\t\t\t<\/option>\n\t\t\t\t\n\t\t\t\n\t\t\t\t<option value=\"https:\/\/kakimakiti.com\/index.php\/product-category\/sacs\/\">\n\t\t\t\t\t\n\t\t\t\t\tSacs\n\t\t\t\t\t(28)\n\t\t\t\t<\/option>\n\t\t\t\t\n\t\t\t\n\t\t\t\t<option value=\"https:\/\/kakimakiti.com\/index.php\/product-category\/salma\/\">\n\t\t\t\t\t\n\t\t\t\t\tSalma\n\t\t\t\t\t(7)\n\t\t\t\t<\/option>\n\t\t\t\t\n\t\t\t\n\t\t\t\t<option value=\"https:\/\/kakimakiti.com\/index.php\/product-category\/simply-african\/\">\n\t\t\t\t\t\n\t\t\t\t\tSimply African\n\t\t\t\t\t(17)\n\t\t\t\t<\/option>\n\t\t\t\t\n\t\t\t\n\t\t\t\t<option value=\"https:\/\/kakimakiti.com\/index.php\/product-category\/vetements\/\">\n\t\t\t\t\t\n\t\t\t\t\tV\u00eatements\n\t\t\t\t\t(38)\n\t\t\t\t<\/option>\n\t\t\t\t\n\t\t\t\n\t\t\t\t<\/select>\n\t\t\t<\/div>\n\t\t\t<button\n\t\t\t\ttype=\"button\"\n\t\t\t\tclass=\"wc-block-product-categories__button\"\n\t\t\t\taria-label=\"Acc\u00e9der \u00e0 la cat\u00e9gorie\"\n\t\t\t\tonclick=\"const url = document.getElementById( 'product-categories-69d271bb51af0-select' ).value; if ( 'false' !== url ) document.location.href = url;\"\n\t\t\t>\n\t\t\t\t<svg\n\t\t\t\t\taria-hidden=\"true\"\n\t\t\t\t\trole=\"img\"\n\t\t\t\t\tfocusable=\"false\"\n\t\t\t\t\tclass=\"dashicon dashicons-arrow-right-alt2\"\n\t\t\t\t\txmlns=\"http:\/\/www.w3.org\/2000\/svg\"\n\t\t\t\t\twidth=\"20\"\n\t\t\t\t\theight=\"20\"\n\t\t\t\t\tviewBox=\"0 0 20 20\"\n\t\t\t\t>\n\t\t\t\t\t<path d=\"M6 15l5-5-5-5 1-2 7 7-7 7z\" \/>\n\t\t\t\t<\/svg>\n\t\t\t<\/button>\n\t\t<\/div>\n\n<form role=\"search\" method=\"get\" action=\"https:\/\/kakimakiti.com\/\" class=\"wp-block-search__button-outside wp-block-search__text-button alignleft wp-block-search\"    ><label class=\"wp-block-search__label screen-reader-text\" for=\"wp-block-search__input-1\" >Recherche<\/label><div class=\"wp-block-search__inside-wrapper \" ><input class=\"wp-block-search__input\" id=\"wp-block-search__input-1\" placeholder=\"Recherche de produits\u2026\" value=\"\" type=\"search\" name=\"s\" required \/><input type=\"hidden\" name=\"post_type\" value=\"product\" \/><button aria-label=\"Recherche\" class=\"wp-block-search__button has-background has-luminous-vivid-amber-background-color wp-element-button\" type=\"submit\" >Recherche<\/button><\/div><\/form>\n\n\n<p><\/p>\n","protected":false},"excerpt":{"rendered":"<p>Bienvenue sur le&nbsp;Marketplace&nbsp;consacr\u00e9 aux produits que vous proposent nos partenaires.<\/p>\n","protected":false},"author":1,"featured_media":0,"parent":0,"menu_order":0,"comment_status":"closed","ping_status":"closed","template":"","meta":{"om_disable_all_campaigns":false,"_monsterinsights_skip_tracking":false,"_monsterinsights_sitenote_active":false,"_monsterinsights_sitenote_note":"","_monsterinsights_sitenote_category":0,"footnotes":""},"class_list":["post-6","page","type-page","status-publish","hentry"],"aioseo_notices":[],"jetpack_sharing_enabled":true,"_links":{"self":[{"href":"https:\/\/kakimakiti.com\/index.php\/wp-json\/wp\/v2\/pages\/6","targetHints":{"allow":["GET"]}}],"collection":[{"href":"https:\/\/kakimakiti.com\/index.php\/wp-json\/wp\/v2\/pages"}],"about":[{"href":"https:\/\/kakimakiti.com\/index.php\/wp-json\/wp\/v2\/types\/page"}],"author":[{"embeddable":true,"href":"https:\/\/kakimakiti.com\/index.php\/wp-json\/wp\/v2\/users\/1"}],"replies":[{"embeddable":true,"href":"https:\/\/kakimakiti.com\/index.php\/wp-json\/wp\/v2\/comments?post=6"}],"version-history":[{"count":17,"href":"https:\/\/kakimakiti.com\/index.php\/wp-json\/wp\/v2\/pages\/6\/revisions"}],"predecessor-version":[{"id":2430,"href":"https:\/\/kakimakiti.com\/index.php\/wp-json\/wp\/v2\/pages\/6\/revisions\/2430"}],"wp:attachment":[{"href":"https:\/\/kakimakiti.com\/index.php\/wp-json\/wp\/v2\/media?parent=6"}],"curies":[{"name":"wp","href":"https:\/\/api.w.org\/{rel}","templated":true}]}}