{"id":24,"date":"2024-02-07T02:18:24","date_gmt":"2024-02-07T01:18:24","guid":{"rendered":"https:\/\/kakimakiti.com\/index.php\/vendor-registration\/"},"modified":"2024-02-15T11:48:19","modified_gmt":"2024-02-15T10:48:19","slug":"inscription-partenaires","status":"publish","type":"page","link":"https:\/\/kakimakiti.com\/index.php\/inscription-partenaires\/","title":{"rendered":"Inscription Partenaire"},"content":{"rendered":"\n<p class=\"has-background\" style=\"background-color:#fcd700\">Vous \u00eates un vendeur ind\u00e9pendant? Vous avez des produits originaux et souhaitez devenir partenaire et commencer \u00e0 vendre sur Kaki Makiti? <br><br>Vous pouvez le faire en vous inscrivant en tant que vendeur sur la plateforme (Kaki Makiti pr\u00e9l\u00e8ve 10% sur les transactions op\u00e9r\u00e9es sur le site)<\/p>\n\n\n<div class=\"mvx_regi_main\">\n    <form class=\"register\" role=\"form\" method=\"post\" enctype=\"multipart\/form-data\">\n                <h2 class=\"reg_header1\">Formulaire d&rsquo;inscription du vendeur<\/h2>\n        <h7 class=\"\"><\/h7>\n\n        <div class=\"mvx_regi_form_box\">\n                        <h3 class=\"reg_header2\">Informations du compte<\/h3>\n                        <div class=\"mvx-regi-12\">\n                <label for=\"reg_email\">Adresse de messagerie <span class=\"required\">*<\/span><\/label>\n                <input type=\"email\" required=\"required\"  name=\"email\" id=\"reg_email\" value=\"\" \/>\n            <\/div>\n                        <div style=\"left: -999em; position: absolute;\"><label for=\"trap\">Anti-spam<\/label><input type=\"text\" name=\"email_2\" id=\"trap\" tabindex=\"-1\" \/><\/div>\n            <input type=\"hidden\" id=\"woocommerce-register-nonce\" name=\"woocommerce-register-nonce\" value=\"a00b88fcdf\" \/><input type=\"hidden\" name=\"_wp_http_referer\" value=\"\/index.php\/wp-json\/wp\/v2\/pages\/24\" \/>                                        <div class=\"mvx-regi-form-row mvx-regi-12\">\n                    <label>Nom de la boutique <span class=\"required\">*<\/span><\/label>\n                    <input type=\"text\" value=\"\" name=\"mvx_vendor_fields[1][value]\" placeholder=\"\" required=\"required\" \/>\n                    <input type=\"hidden\" name=\"mvx_vendor_fields[1][label]\" value=\"Nom de la boutique\" \/>\n                    <input type=\"hidden\" name=\"mvx_vendor_fields[1][type]\" value=\"vendor_page_title\" \/>\n                <\/div>\n                                <div class=\"mvx-regi-form-row mvx-regi-12\">\n                    <label>E-mail PayPal<\/label>\n                    <input type=\"text\" value=\"\" name=\"mvx_vendor_fields[2][value]\" placeholder=\"\"  \/>\n                    <input type=\"hidden\" name=\"mvx_vendor_fields[2][label]\" value=\"E-mail PayPal\" \/>\n                    <input type=\"hidden\" name=\"mvx_vendor_fields[2][type]\" value=\"vendor_paypal_email\" \/>\n                <\/div>\n                                <div class=\"mvx-regi-form-row mvx-regi-12\">\n                    <label>Terms & Conditions <span class=\"required\">*<\/span><\/label>\n                    <input type=\"hidden\" name=\"mvx_vendor_fields[3][label]\" value=\"Terms &amp; Conditions\" \/>\n                    <input type=\"hidden\" name=\"mvx_vendor_fields[3][type]\" value=\"selectbox\" \/>\n                    <p> <input type=\"checkbox\" name=\"mvx_vendor_fields[3][value]\" class=\"mvx-regs-multi-terms\" value=\"Checked\" required> \n                        Je m'engage \u00e0 ne pas vendre de produits ill\u00e9gaux selon les lois du pays de r\u00e9sidence du vendeur                    <\/p>\n                <\/div>\n                <script>\n    jQuery(document).ready(function ($) {\n        $('.img_tip').each(function () {\n            $(this).qtip({\n                content: $(this).attr('data-desc'),\n                position: {\n                    my: 'top center',\n                    at: 'bottom center',\n                    viewport: $(window)\n                },\n                show: {\n                    event: 'mouseover',\n                    solo: true,\n                },\n                hide: {\n                    inactive: 6000,\n                    fixed: true\n                },\n                style: {\n                    classes: 'qtip-dark qtip-shadow qtip-rounded qtip-dc-css',\n                    width: 200\n                }\n            });\n        });\n    });\n<\/script>            <div class=\"clearboth\"><\/div>\n        <\/div>\n         \n                <input type=\"hidden\" value=\"true\" name=\"pending_vendor\" \/>\n        <wc-order-attribution-inputs><\/wc-order-attribution-inputs><div class=\"woocommerce-privacy-policy-text\"><p>Your personal data will be used to support your experience throughout this website, to manage access to your account, and for other purposes described in our <a href=\"https:\/\/kakimakiti.com\/?page_id=3\" class=\"woocommerce-privacy-policy-link\" target=\"_blank\">politique de confidentialit\u00e9<\/a>.<\/p>\n<\/div>        <p class=\"woocomerce-FormRow form-row\">\n                        <button type=\"submit\" class=\"woocommerce-Button button\" name=\"register\">Inscription<\/button>\n        <\/p>\n            <\/form>\n<\/div>","protected":false},"excerpt":{"rendered":"<p>Vous \u00eates un vendeur ind\u00e9pendant? Vous avez des produits originaux et souhaitez devenir partenaire et commencer \u00e0 vendre sur Kaki Makiti? Vous pouvez le faire en vous inscrivant en tant que vendeur sur la plateforme (Kaki Makiti pr\u00e9l\u00e8ve 10% sur les transactions op\u00e9r\u00e9es sur le site)<\/p>\n","protected":false},"author":1,"featured_media":0,"parent":0,"menu_order":0,"comment_status":"closed","ping_status":"closed","template":"","meta":{"om_disable_all_campaigns":false,"_monsterinsights_skip_tracking":false,"_monsterinsights_sitenote_active":false,"_monsterinsights_sitenote_note":"","_monsterinsights_sitenote_category":0,"footnotes":""},"class_list":["post-24","page","type-page","status-publish","hentry"],"aioseo_notices":[],"jetpack_sharing_enabled":true,"_links":{"self":[{"href":"https:\/\/kakimakiti.com\/index.php\/wp-json\/wp\/v2\/pages\/24","targetHints":{"allow":["GET"]}}],"collection":[{"href":"https:\/\/kakimakiti.com\/index.php\/wp-json\/wp\/v2\/pages"}],"about":[{"href":"https:\/\/kakimakiti.com\/index.php\/wp-json\/wp\/v2\/types\/page"}],"author":[{"embeddable":true,"href":"https:\/\/kakimakiti.com\/index.php\/wp-json\/wp\/v2\/users\/1"}],"replies":[{"embeddable":true,"href":"https:\/\/kakimakiti.com\/index.php\/wp-json\/wp\/v2\/comments?post=24"}],"version-history":[{"count":4,"href":"https:\/\/kakimakiti.com\/index.php\/wp-json\/wp\/v2\/pages\/24\/revisions"}],"predecessor-version":[{"id":64,"href":"https:\/\/kakimakiti.com\/index.php\/wp-json\/wp\/v2\/pages\/24\/revisions\/64"}],"wp:attachment":[{"href":"https:\/\/kakimakiti.com\/index.php\/wp-json\/wp\/v2\/media?parent=24"}],"curies":[{"name":"wp","href":"https:\/\/api.w.org\/{rel}","templated":true}]}}