{"id":2052,"date":"2024-08-24T20:08:57","date_gmt":"2024-08-24T18:08:57","guid":{"rendered":"https:\/\/kakimakiti.com\/?page_id=2052"},"modified":"2025-10-22T17:40:06","modified_gmt":"2025-10-22T15:40:06","slug":"kaki-spirits","status":"publish","type":"page","link":"https:\/\/kakimakiti.com\/index.php\/kaki-spirits\/","title":{"rendered":"Kaki Spirits"},"content":{"rendered":"\n<figure class=\"wp-block-image size-large is-style-default\"><img fetchpriority=\"high\" decoding=\"async\" width=\"1024\" height=\"1024\" src=\"https:\/\/kakimakiti.com\/wp-content\/uploads\/2024\/08\/Kaki-spirits-1-1024x1024.png\" alt=\"\" class=\"wp-image-2053\" srcset=\"https:\/\/kakimakiti.com\/wp-content\/uploads\/2024\/08\/Kaki-spirits-1-1024x1024.png 1024w, https:\/\/kakimakiti.com\/wp-content\/uploads\/2024\/08\/Kaki-spirits-1-300x300.png 300w, https:\/\/kakimakiti.com\/wp-content\/uploads\/2024\/08\/Kaki-spirits-1-100x100.png 100w, https:\/\/kakimakiti.com\/wp-content\/uploads\/2024\/08\/Kaki-spirits-1-600x600.png 600w, https:\/\/kakimakiti.com\/wp-content\/uploads\/2024\/08\/Kaki-spirits-1-150x150.png 150w, https:\/\/kakimakiti.com\/wp-content\/uploads\/2024\/08\/Kaki-spirits-1-768x768.png 768w, https:\/\/kakimakiti.com\/wp-content\/uploads\/2024\/08\/Kaki-spirits-1-1536x1536.png 1536w, https:\/\/kakimakiti.com\/wp-content\/uploads\/2024\/08\/Kaki-spirits-1-1320x1320.png 1320w, https:\/\/kakimakiti.com\/wp-content\/uploads\/2024\/08\/Kaki-spirits-1.png 1563w\" sizes=\"(max-width: 1024px) 100vw, 1024px\" \/><\/figure>\n\n\n\n<h3 class=\"wp-block-heading has-text-align-center has-background\" style=\"background-color:#fff6e3\"><strong>Que ce soit pour des d\u00e9corations de maison, des outils pour vos s\u00e9ances de yoga, des accessoires de m\u00e9ditation, des encens de purification, des orgonites, plantes o\u00f9 \u00e9corces, nos partenaires vous proposent une diversit\u00e9 de produits sur kakispirits.com, le marketplace pour tout ce qui est spiritualit\u00e9, m\u00e9ditation et bien-\u00eatre.<\/strong><br><\/h3>\n\n\n\n<div class=\"wp-block-buttons is-content-justification-center is-layout-flex wp-container-core-buttons-is-layout-16018d1d wp-block-buttons-is-layout-flex\">\n<div class=\"wp-block-button\"><a class=\"wp-block-button__link wp-element-button\" href=\"http:\/\/kakispirits.com\" target=\"_blank\" rel=\"noreferrer noopener\">Kaki Spirits<\/a><\/div>\n<\/div>\n\n\n\n<p><\/p>\n","protected":false},"excerpt":{"rendered":"<p>Que ce soit pour des d\u00e9corations de maison, des outils pour vos s\u00e9ances de yoga, des accessoires de m\u00e9ditation, des encens de purification, des orgonites, plantes o\u00f9 \u00e9corces, nos partenaires vous proposent une diversit\u00e9 de produits sur kakispirits.com, le marketplace pour tout ce qui est spiritualit\u00e9, m\u00e9ditation et bien-\u00eatre.<\/p>\n","protected":false},"author":1,"featured_media":0,"parent":0,"menu_order":0,"comment_status":"closed","ping_status":"closed","template":"","meta":{"om_disable_all_campaigns":false,"_monsterinsights_skip_tracking":false,"_monsterinsights_sitenote_active":false,"_monsterinsights_sitenote_note":"","_monsterinsights_sitenote_category":0,"footnotes":""},"class_list":["post-2052","page","type-page","status-publish","hentry"],"aioseo_notices":[],"jetpack_sharing_enabled":true,"_links":{"self":[{"href":"https:\/\/kakimakiti.com\/index.php\/wp-json\/wp\/v2\/pages\/2052","targetHints":{"allow":["GET"]}}],"collection":[{"href":"https:\/\/kakimakiti.com\/index.php\/wp-json\/wp\/v2\/pages"}],"about":[{"href":"https:\/\/kakimakiti.com\/index.php\/wp-json\/wp\/v2\/types\/page"}],"author":[{"embeddable":true,"href":"https:\/\/kakimakiti.com\/index.php\/wp-json\/wp\/v2\/users\/1"}],"replies":[{"embeddable":true,"href":"https:\/\/kakimakiti.com\/index.php\/wp-json\/wp\/v2\/comments?post=2052"}],"version-history":[{"count":6,"href":"https:\/\/kakimakiti.com\/index.php\/wp-json\/wp\/v2\/pages\/2052\/revisions"}],"predecessor-version":[{"id":2446,"href":"https:\/\/kakimakiti.com\/index.php\/wp-json\/wp\/v2\/pages\/2052\/revisions\/2446"}],"wp:attachment":[{"href":"https:\/\/kakimakiti.com\/index.php\/wp-json\/wp\/v2\/media?parent=2052"}],"curies":[{"name":"wp","href":"https:\/\/api.w.org\/{rel}","templated":true}]}}